{"id":21738,"date":"2020-07-25T12:40:44","date_gmt":"2020-07-25T10:40:44","guid":{"rendered":"https:\/\/iphysios.com\/?page_id=21738"},"modified":"2020-09-07T21:21:18","modified_gmt":"2020-09-07T19:21:18","slug":"denas-gebrauchsanweisung","status":"publish","type":"page","link":"https:\/\/iphysios.com\/de\/denas-gebrauchsanweisung\/","title":{"rendered":"Denas Gebrauchsanweisung"},"content":{"rendered":"\t\t<div data-elementor-type=\"wp-page\" data-elementor-id=\"21738\" class=\"elementor elementor-21738 elementor-21634\" data-elementor-post-type=\"page\">\n\t\t\t\t\t\t<section class=\"elementor-section elementor-top-section elementor-element elementor-element-436a5026 elementor-section-boxed elementor-section-gap-beside-yes elementor-section-height-default elementor-section-height-default elementor-section-column-vertical-align-stretch\" data-id=\"436a5026\" data-element_type=\"section\" data-e-type=\"section\">\n\t\t\t\t\t\t<div class=\"elementor-container elementor-column-gap-extended\">\n\t\t\t\t\t<div class=\"elementor-column elementor-col-100 elementor-top-column elementor-element elementor-element-183c1128\" data-id=\"183c1128\" data-element_type=\"column\" data-e-type=\"column\">\n\t\t\t<div class=\"elementor-widget-wrap elementor-element-populated\">\n\t\t\t\t\t\t<div class=\"elementor-element elementor-element-33670515 elementor-widget elementor-widget-text-editor\" data-id=\"33670515\" data-element_type=\"widget\" data-e-type=\"widget\" data-widget_type=\"text-editor.default\">\n\t\t\t\t<div class=\"elementor-widget-container\">\n\t\t\t\t\t\t\t\t\tDie medizinischen DENAS Ger\u00e4te sind im Gebrauch gesundheitlich unbedenklich, trotzdem m\u00fcssen einige Dinge beachtet werden. Eine Therapie durch die DENAS Technologie k\u00f6nnen Menschen jeglichen Alters durchf\u00fchren, es kann f\u00fcr die Herstellung neuer Vitalit\u00e4t eines Seniors \u00fcber 80 Jahre genutzt werden, aber auch bei kleineren Beschwerden von S\u00e4uglingen.\r\n<h2>Wann sollte man DENAS Therapie nicht anwenden?<\/h2>\r\nObwohl der Gebrauch der DENAS Medizinger\u00e4te absolut unbedenklich und die Handhabung einfach und selbsterkl\u00e4rend ist, sollten ein paar wichtige Hinweise beachtet werden.\r\n\r\nFalls Sie einen Herzschrittmacher oder andere elektrische Implantate tragen, d\u00fcrfen Sie auf keinen Fall DENAS Ger\u00e4te anwenden, da diese mit elektrischen Impulsen arbeiten. Ebenso sollte bei \u00dcberempfindlichkeit auf Elektrizit\u00e4t und bei pl\u00f6tzlich auftretendem Unwohlsein w\u00e4hrend der DENAS Therapie die Nutzung der Medizinger\u00e4te abgebrochen werden.\r\n\r\nBei folgenden Indikationen sollten Sie zuvor Ihren Arzt fragen, ob eine Therapie mit DENAS sinnvoll ist.\r\n<ul>\r\n \t<li>Pl\u00f6tzlich auftretendes hohes Fieber ohne genaue Diagnose<\/li>\r\n \t<li>W\u00e4hrend einer Schwangerschaft, insbesondere in den ersten 3 Monaten<\/li>\r\n \t<li>Bei Epilepsie oder \u00e4hnlichen Krampfanf\u00e4llen<\/li>\r\n \t<li>Verdacht auf Venenthrombose<\/li>\r\n \t<li>Bildung von Tumoren<\/li>\r\n \t<li>Unter dem Einfluss von Alkohol und Drogen oder w\u00e4hrend einer Vergiftung durch Rauschmittel<\/li>\r\n<\/ul>\r\nIm Allgemeinen ist es ratsam, Ihre Krankheits-Beschwerden vorher mit dem Arzt Ihres Vertrauens abzukl\u00e4ren. Nach der Nennung einer genauen Diagnose, k\u00f6nnen Sie die vom Arzt verordnete Therapie mit der heilenden Wirkung der DENAS Technologie unterst\u00fctzen. Sie sollten sich w\u00e4hrend einer Behandlung mit DENAS Medizinger\u00e4ten weiterhin von Ihrem Arzt beraten und behandeln lassen.\r\n\r\nFalls Sie sich w\u00e4hrend einer DENAS Behandlung unwohl f\u00fchlen oder pl\u00f6tzlich Beschwerden auftreten, was \u00e4u\u00dferst selten der Fall ist, unterbrechen Sie die Anwendung und schildern Sie Ihrem Arzt die Symptome.\r\n\r\nZu jedem DENAS Ger\u00e4t gibt es eine deutsche Anleitung, in der die Art der Anwendung und die entsprechende Indikation genau beschrieben ist. Falls Sie Fragen haben, k\u00f6nnen Sie uns jederzeit kontaktieren.\r\n<h2>Allgemeine Hinweise zur Batterie-Entsorgung<\/h2>\r\nDie meisten DENAS Ger\u00e4te werden mit Batterie oder Akku betrieben und diese m\u00fcssen, wenn sie unbrauchbar geworden sind, ordnungsgem\u00e4\u00df entsorgt werden. Bitte orientieren Sie sich vor der Entsorgung der Batterien\/Akkus an die Vorgaben Ihres kommunalen M\u00fcllwirtschaft-Systems. Normalerweise k\u00f6nnen Batterien oder Akkus kostenlos an einer Sammelstelle abgegeben werden.\t\t\t\t\t\t\t\t<\/div>\n\t\t\t\t<\/div>\n\t\t\t\t\t<\/div>\n\t\t<\/div>\n\t\t\t\t\t<\/div>\n\t\t<\/section>\n\t\t\t\t<section class=\"elementor-section elementor-top-section elementor-element elementor-element-195ff16 elementor-section-boxed elementor-section-gap-beside-yes elementor-section-height-default elementor-section-height-default elementor-section-column-vertical-align-stretch\" data-id=\"195ff16\" data-element_type=\"section\" data-e-type=\"section\">\n\t\t\t\t\t\t<div class=\"elementor-container elementor-column-gap-extended\">\n\t\t\t\t\t<div class=\"elementor-column elementor-col-100 elementor-top-column elementor-element elementor-element-3173336\" data-id=\"3173336\" data-element_type=\"column\" data-e-type=\"column\">\n\t\t\t<div class=\"elementor-widget-wrap elementor-element-populated\">\n\t\t\t\t\t\t<div class=\"elementor-element elementor-element-63d05a9 elementor-widget elementor-widget-tm-heading\" data-id=\"63d05a9\" data-element_type=\"widget\" data-e-type=\"widget\" data-widget_type=\"tm-heading.default\">\n\t\t\t\t<div class=\"elementor-widget-container\">\n\t\t\t\t\t\t\t<div class=\"tm-modern-heading\">\n\t\t\t\n\t\t\t\t\t<div class=\"heading-primary-wrap\">\n\t\t\t<h2 class=\"heading-primary elementor-heading-title\">Anleitung f\u00fcr Ger\u00e4te<\/h2>\t\t<\/div>\n\t\t\n\t\t\t\n\t\t\t\t\t<\/div>\n\t\t\t\t\t\t<\/div>\n\t\t\t\t<\/div>\n\t\t\t\t<section class=\"elementor-section elementor-inner-section elementor-element elementor-element-333cc2c elementor-section-boxed elementor-section-gap-beside-yes elementor-section-height-default elementor-section-height-default elementor-section-column-vertical-align-stretch\" data-id=\"333cc2c\" data-element_type=\"section\" data-e-type=\"section\">\n\t\t\t\t\t\t<div class=\"elementor-container elementor-column-gap-extended\">\n\t\t\t\t\t<div class=\"elementor-column elementor-col-25 elementor-inner-column elementor-element elementor-element-ddee2d1\" data-id=\"ddee2d1\" data-element_type=\"column\" data-e-type=\"column\">\n\t\t\t<div class=\"elementor-widget-wrap elementor-element-populated\">\n\t\t\t\t\t\t<div class=\"elementor-element elementor-element-3e6523a elementor-align-center elementor-widget elementor-widget-button\" data-id=\"3e6523a\" data-element_type=\"widget\" data-e-type=\"widget\" data-widget_type=\"button.default\">\n\t\t\t\t<div class=\"elementor-widget-container\">\n\t\t\t\t\t\t\t\t\t<div class=\"elementor-button-wrapper\">\n\t\t\t\t\t<a class=\"elementor-button elementor-button-link elementor-size-sm\" href=\"https:\/\/iphysios.com\/de\/denas-gebrauchsanweisung\/denas-pcm-gebrauchsanweisung\/\">\n\t\t\t\t\t\t<span class=\"elementor-button-content-wrapper\">\n\t\t\t\t\t\t\t\t\t<span class=\"elementor-button-text\">PCM Gebrauchsanweisung<\/span>\n\t\t\t\t\t<\/span>\n\t\t\t\t\t<\/a>\n\t\t\t\t<\/div>\n\t\t\t\t\t\t\t\t<\/div>\n\t\t\t\t<\/div>\n\t\t\t\t\t<\/div>\n\t\t<\/div>\n\t\t\t\t<div class=\"elementor-column elementor-col-25 elementor-inner-column elementor-element elementor-element-41b7214\" data-id=\"41b7214\" data-element_type=\"column\" data-e-type=\"column\">\n\t\t\t<div class=\"elementor-widget-wrap elementor-element-populated\">\n\t\t\t\t\t\t<div class=\"elementor-element elementor-element-e09d3b3 elementor-align-center elementor-widget elementor-widget-button\" data-id=\"e09d3b3\" data-element_type=\"widget\" data-e-type=\"widget\" data-widget_type=\"button.default\">\n\t\t\t\t<div class=\"elementor-widget-container\">\n\t\t\t\t\t\t\t\t\t<div class=\"elementor-button-wrapper\">\n\t\t\t\t\t<a class=\"elementor-button elementor-button-link elementor-size-sm\" href=\"https:\/\/iphysios.com\/de\/denas-gebrauchsanweisung\/denas-vertebra-2-gebrauchsanweisung\/\">\n\t\t\t\t\t\t<span class=\"elementor-button-content-wrapper\">\n\t\t\t\t\t\t\t\t\t<span class=\"elementor-button-text\">Vertebra 2 Gebrauchsanweisung<\/span>\n\t\t\t\t\t<\/span>\n\t\t\t\t\t<\/a>\n\t\t\t\t<\/div>\n\t\t\t\t\t\t\t\t<\/div>\n\t\t\t\t<\/div>\n\t\t\t\t\t<\/div>\n\t\t<\/div>\n\t\t\t\t<div class=\"elementor-column elementor-col-25 elementor-inner-column elementor-element elementor-element-8e44005\" data-id=\"8e44005\" data-element_type=\"column\" data-e-type=\"column\">\n\t\t\t<div class=\"elementor-widget-wrap elementor-element-populated\">\n\t\t\t\t\t\t<div class=\"elementor-element elementor-element-c3ce8b5 elementor-align-center elementor-widget elementor-widget-button\" data-id=\"c3ce8b5\" data-element_type=\"widget\" data-e-type=\"widget\" data-widget_type=\"button.default\">\n\t\t\t\t<div class=\"elementor-widget-container\">\n\t\t\t\t\t\t\t\t\t<div class=\"elementor-button-wrapper\">\n\t\t\t\t\t<a class=\"elementor-button elementor-button-link elementor-size-sm\" href=\"https:\/\/iphysios.com\/de\/denas-gebrauchsanweisung\/denas-cardio-gebrauchsanweisung\/\">\n\t\t\t\t\t\t<span class=\"elementor-button-content-wrapper\">\n\t\t\t\t\t\t\t\t\t<span class=\"elementor-button-text\">Cardio Gebrauchsanweisung<\/span>\n\t\t\t\t\t<\/span>\n\t\t\t\t\t<\/a>\n\t\t\t\t<\/div>\n\t\t\t\t\t\t\t\t<\/div>\n\t\t\t\t<\/div>\n\t\t\t\t\t<\/div>\n\t\t<\/div>\n\t\t\t\t<div class=\"elementor-column elementor-col-25 elementor-inner-column elementor-element elementor-element-d47a4d3\" data-id=\"d47a4d3\" data-element_type=\"column\" data-e-type=\"column\">\n\t\t\t<div class=\"elementor-widget-wrap elementor-element-populated\">\n\t\t\t\t\t\t<div class=\"elementor-element elementor-element-0ae4823 elementor-align-center elementor-widget elementor-widget-button\" data-id=\"0ae4823\" data-element_type=\"widget\" data-e-type=\"widget\" data-widget_type=\"button.default\">\n\t\t\t\t<div class=\"elementor-widget-container\">\n\t\t\t\t\t\t\t\t\t<div class=\"elementor-button-wrapper\">\n\t\t\t\t\t<a class=\"elementor-button elementor-button-link elementor-size-sm\" href=\"https:\/\/iphysios.com\/de\/denas-gebrauchsanweisung\/denas-reflexo-gebrauchsanweisung\/\">\n\t\t\t\t\t\t<span class=\"elementor-button-content-wrapper\">\n\t\t\t\t\t\t\t\t\t<span class=\"elementor-button-text\">Reflexo Gebrauchsanweisung<\/span>\n\t\t\t\t\t<\/span>\n\t\t\t\t\t<\/a>\n\t\t\t\t<\/div>\n\t\t\t\t\t\t\t\t<\/div>\n\t\t\t\t<\/div>\n\t\t\t\t\t<\/div>\n\t\t<\/div>\n\t\t\t\t\t<\/div>\n\t\t<\/section>\n\t\t\t\t\t<\/div>\n\t\t<\/div>\n\t\t\t\t\t<\/div>\n\t\t<\/section>\n\t\t\t\t<\/div>\n\t\t","protected":false},"excerpt":{"rendered":"<p>Die medizinischen DENAS Ger\u00e4te sind im Gebrauch gesundheitlich unbedenklich, trotzdem m\u00fcssen einige Dinge beachtet werden. Eine Therapie durch die DENAS Technologie k\u00f6nnen Menschen jeglichen Alters durchf\u00fchren, es kann f\u00fcr die Herstellung neuer Vitalit\u00e4t eines Seniors \u00fcber 80 Jahre genutzt werden, aber auch bei kleineren Beschwerden von S\u00e4uglingen. Wann sollte man DENAS Therapie nicht anwenden? Obwohl der Gebrauch der DENAS Medizinger\u00e4te absolut unbedenklich und die Handhabung einfach und selbsterkl\u00e4rend ist, sollten ein paar wichtige Hinweise beachtet werden. Falls Sie einen Herzschrittmacher oder andere elektrische Implantate tragen, d\u00fcrfen Sie auf keinen Fall DENAS Ger\u00e4te anwenden, da diese mit elektrischen Impulsen arbeiten. Ebenso sollte bei \u00dcberempfindlichkeit auf Elektrizit\u00e4t und bei pl\u00f6tzlich auftretendem Unwohlsein w\u00e4hrend der DENAS Therapie die Nutzung der Medizinger\u00e4te abgebrochen werden. Bei folgenden Indikationen sollten Sie zuvor Ihren Arzt fragen, ob eine Therapie mit DENAS sinnvoll ist. Pl\u00f6tzlich auftretendes hohes Fieber ohne genaue Diagnose W\u00e4hrend einer Schwangerschaft, insbesondere in den ersten 3 Monaten Bei Epilepsie oder \u00e4hnlichen Krampfanf\u00e4llen Verdacht auf Venenthrombose Bildung von Tumoren Unter dem Einfluss von Alkohol und Drogen oder w\u00e4hrend einer Vergiftung durch Rauschmittel Im Allgemeinen ist es ratsam, Ihre Krankheits-Beschwerden vorher mit dem Arzt Ihres Vertrauens abzukl\u00e4ren. Nach der Nennung einer genauen Diagnose, k\u00f6nnen Sie die vom Arzt verordnete Therapie mit der heilenden Wirkung der DENAS Technologie unterst\u00fctzen. Sie sollten sich w\u00e4hrend einer Behandlung mit DENAS Medizinger\u00e4ten weiterhin von Ihrem Arzt beraten und behandeln lassen. Falls Sie sich w\u00e4hrend einer DENAS Behandlung unwohl f\u00fchlen oder pl\u00f6tzlich Beschwerden auftreten, was \u00e4u\u00dferst selten der Fall ist, unterbrechen Sie die Anwendung und schildern Sie Ihrem Arzt die Symptome. Zu jedem DENAS Ger\u00e4t gibt es eine deutsche Anleitung, in der die Art der Anwendung und die entsprechende Indikation genau beschrieben ist. Falls Sie Fragen haben, k\u00f6nnen Sie uns jederzeit kontaktieren. Allgemeine Hinweise zur Batterie-Entsorgung Die meisten DENAS Ger\u00e4te werden mit Batterie oder Akku betrieben und diese m\u00fcssen, wenn sie unbrauchbar geworden sind, ordnungsgem\u00e4\u00df entsorgt werden. Bitte orientieren Sie sich vor der Entsorgung der Batterien\/Akkus an die Vorgaben Ihres kommunalen M\u00fcllwirtschaft-Systems. Normalerweise k\u00f6nnen Batterien oder Akkus kostenlos an einer Sammelstelle abgegeben werden. Anleitung f\u00fcr Ger\u00e4te PCM Gebrauchsanweisung Vertebra 2 Gebrauchsanweisung Cardio Gebrauchsanweisung Reflexo Gebrauchsanweisung<\/p>\n","protected":false},"author":1,"featured_media":0,"parent":0,"menu_order":0,"comment_status":"closed","ping_status":"closed","template":"","meta":{"_acf_changed":false,"om_disable_all_campaigns":false,"inline_featured_image":false,"_monsterinsights_skip_tracking":false,"_monsterinsights_sitenote_active":false,"_monsterinsights_sitenote_note":"","_monsterinsights_sitenote_category":0,"_uf_show_specific_survey":0,"_uf_disable_surveys":false,"footnotes":""},"class_list":["post-21738","page","type-page","status-publish","hentry","post-no-thumbnail"],"acf":[],"aioseo_notices":[],"yoast_head":"<!-- This site is optimized with the Yoast SEO Premium plugin v27.1 (Yoast SEO v27.1.1) - https:\/\/yoast.com\/product\/yoast-seo-premium-wordpress\/ -->\n<title>Denas Gebrauchsanweisung und Bedienung des Ger\u00e4tes<\/title>\n<meta name=\"description\" content=\"Vollst\u00e4ndige Anweisungen zur Verwendung und zur Inbetriebnahme der Denas-Ger\u00e4te. Erfahren Sie, wie Sie die Ger\u00e4te richtig verwenden.\" \/>\n<meta name=\"robots\" content=\"index, follow, max-snippet:-1, max-image-preview:large, max-video-preview:-1\" \/>\n<link rel=\"canonical\" href=\"https:\/\/iphysios.com\/en\/denas-instruction\/\" \/>\n<meta property=\"og:locale\" content=\"de_DE\" \/>\n<meta property=\"og:type\" content=\"article\" \/>\n<meta property=\"og:title\" content=\"Denas Gebrauchsanweisung\" \/>\n<meta property=\"og:description\" content=\"Vollst\u00e4ndige Anweisungen zur Verwendung und zur Inbetriebnahme der Denas-Ger\u00e4te. Erfahren Sie, wie Sie die Ger\u00e4te richtig verwenden.\" \/>\n<meta property=\"og:url\" content=\"https:\/\/iphysios.com\/en\/denas-instruction\/\" \/>\n<meta property=\"og:site_name\" content=\"iPhysios\" \/>\n<meta property=\"article:modified_time\" content=\"2020-09-07T19:21:18+00:00\" \/>\n<meta name=\"twitter:card\" content=\"summary_large_image\" \/>\n<meta name=\"twitter:label1\" content=\"Gesch\u00e4tzte Lesezeit\" \/>\n\t<meta name=\"twitter:data1\" content=\"2\u00a0Minuten\" \/>\n<script type=\"application\/ld+json\" class=\"yoast-schema-graph\">{\"@context\":\"https:\/\/schema.org\",\"@graph\":[{\"@type\":\"WebPage\",\"@id\":\"https:\/\/iphysios.com\/en\/denas-instruction\/\",\"url\":\"https:\/\/iphysios.com\/en\/denas-instruction\/\",\"name\":\"Denas Gebrauchsanweisung und Bedienung des Ger\u00e4tes\",\"isPartOf\":{\"@id\":\"https:\/\/iphysios.com\/en\/#website\"},\"datePublished\":\"2020-07-25T10:40:44+00:00\",\"dateModified\":\"2020-09-07T19:21:18+00:00\",\"description\":\"Vollst\u00e4ndige Anweisungen zur Verwendung und zur Inbetriebnahme der Denas-Ger\u00e4te. Erfahren Sie, wie Sie die Ger\u00e4te richtig verwenden.\",\"breadcrumb\":{\"@id\":\"https:\/\/iphysios.com\/en\/denas-instruction\/#breadcrumb\"},\"inLanguage\":\"de\",\"potentialAction\":[{\"@type\":\"ReadAction\",\"target\":[\"https:\/\/iphysios.com\/en\/denas-instruction\/\"]}]},{\"@type\":\"BreadcrumbList\",\"@id\":\"https:\/\/iphysios.com\/en\/denas-instruction\/#breadcrumb\",\"itemListElement\":[{\"@type\":\"ListItem\",\"position\":1,\"name\":\"\u0413\u043b\u0430\u0432\u043d\u0430\u044f \u0441\u0442\u0440\u0430\u043d\u0438\u0446\u0430\",\"item\":\"https:\/\/iphysios.com\/en\/home\/\"},{\"@type\":\"ListItem\",\"position\":2,\"name\":\"Denas Gebrauchsanweisung\"}]},{\"@type\":\"WebSite\",\"@id\":\"https:\/\/iphysios.com\/en\/#website\",\"url\":\"https:\/\/iphysios.com\/en\/\",\"name\":\"iPhysios\",\"description\":\"\",\"potentialAction\":[{\"@type\":\"SearchAction\",\"target\":{\"@type\":\"EntryPoint\",\"urlTemplate\":\"https:\/\/iphysios.com\/en\/?s={search_term_string}\"},\"query-input\":{\"@type\":\"PropertyValueSpecification\",\"valueRequired\":true,\"valueName\":\"search_term_string\"}}],\"inLanguage\":\"de\"}]}<\/script>\n<!-- \/ Yoast SEO Premium plugin. -->","yoast_head_json":{"title":"Denas Gebrauchsanweisung und Bedienung des Ger\u00e4tes","description":"Vollst\u00e4ndige Anweisungen zur Verwendung und zur Inbetriebnahme der Denas-Ger\u00e4te. Erfahren Sie, wie Sie die Ger\u00e4te richtig verwenden.","robots":{"index":"index","follow":"follow","max-snippet":"max-snippet:-1","max-image-preview":"max-image-preview:large","max-video-preview":"max-video-preview:-1"},"canonical":"https:\/\/iphysios.com\/en\/denas-instruction\/","og_locale":"de_DE","og_type":"article","og_title":"Denas Gebrauchsanweisung","og_description":"Vollst\u00e4ndige Anweisungen zur Verwendung und zur Inbetriebnahme der Denas-Ger\u00e4te. Erfahren Sie, wie Sie die Ger\u00e4te richtig verwenden.","og_url":"https:\/\/iphysios.com\/en\/denas-instruction\/","og_site_name":"iPhysios","article_modified_time":"2020-09-07T19:21:18+00:00","twitter_card":"summary_large_image","twitter_misc":{"Gesch\u00e4tzte Lesezeit":"2\u00a0Minuten"},"schema":{"@context":"https:\/\/schema.org","@graph":[{"@type":"WebPage","@id":"https:\/\/iphysios.com\/en\/denas-instruction\/","url":"https:\/\/iphysios.com\/en\/denas-instruction\/","name":"Denas Gebrauchsanweisung und Bedienung des Ger\u00e4tes","isPartOf":{"@id":"https:\/\/iphysios.com\/en\/#website"},"datePublished":"2020-07-25T10:40:44+00:00","dateModified":"2020-09-07T19:21:18+00:00","description":"Vollst\u00e4ndige Anweisungen zur Verwendung und zur Inbetriebnahme der Denas-Ger\u00e4te. Erfahren Sie, wie Sie die Ger\u00e4te richtig verwenden.","breadcrumb":{"@id":"https:\/\/iphysios.com\/en\/denas-instruction\/#breadcrumb"},"inLanguage":"de","potentialAction":[{"@type":"ReadAction","target":["https:\/\/iphysios.com\/en\/denas-instruction\/"]}]},{"@type":"BreadcrumbList","@id":"https:\/\/iphysios.com\/en\/denas-instruction\/#breadcrumb","itemListElement":[{"@type":"ListItem","position":1,"name":"\u0413\u043b\u0430\u0432\u043d\u0430\u044f \u0441\u0442\u0440\u0430\u043d\u0438\u0446\u0430","item":"https:\/\/iphysios.com\/en\/home\/"},{"@type":"ListItem","position":2,"name":"Denas Gebrauchsanweisung"}]},{"@type":"WebSite","@id":"https:\/\/iphysios.com\/en\/#website","url":"https:\/\/iphysios.com\/en\/","name":"iPhysios","description":"","potentialAction":[{"@type":"SearchAction","target":{"@type":"EntryPoint","urlTemplate":"https:\/\/iphysios.com\/en\/?s={search_term_string}"},"query-input":{"@type":"PropertyValueSpecification","valueRequired":true,"valueName":"search_term_string"}}],"inLanguage":"de"}]}},"jetpack_sharing_enabled":true,"_links":{"self":[{"href":"https:\/\/iphysios.com\/de\/wp-json\/wp\/v2\/pages\/21738","targetHints":{"allow":["GET"]}}],"collection":[{"href":"https:\/\/iphysios.com\/de\/wp-json\/wp\/v2\/pages"}],"about":[{"href":"https:\/\/iphysios.com\/de\/wp-json\/wp\/v2\/types\/page"}],"author":[{"embeddable":true,"href":"https:\/\/iphysios.com\/de\/wp-json\/wp\/v2\/users\/1"}],"replies":[{"embeddable":true,"href":"https:\/\/iphysios.com\/de\/wp-json\/wp\/v2\/comments?post=21738"}],"version-history":[{"count":0,"href":"https:\/\/iphysios.com\/de\/wp-json\/wp\/v2\/pages\/21738\/revisions"}],"wp:attachment":[{"href":"https:\/\/iphysios.com\/de\/wp-json\/wp\/v2\/media?parent=21738"}],"curies":[{"name":"wp","href":"https:\/\/api.w.org\/{rel}","templated":true}]}}