{"id":22392,"date":"2020-08-10T19:02:39","date_gmt":"2020-08-10T17:02:39","guid":{"rendered":"https:\/\/iphysios.com\/?page_id=22392"},"modified":"2025-03-02T23:29:06","modified_gmt":"2025-03-02T21:29:06","slug":"lieferung-und-rueckgabe","status":"publish","type":"page","link":"https:\/\/iphysios.com\/de\/lieferung-und-rueckgabe\/","title":{"rendered":"Lieferung und R\u00fcckgabe"},"content":{"rendered":"<p>Gesch\u00e4ftsbedingungen f\u00fcr Endkunden:<\/p>\n<p>Wir werden alle Beschwerden zu Ihrer Zufriedenheit durch eine individuelle Vereinbarung mit Ihnen und in \u00dcbereinstimmung mit geltendem Recht bearbeiten. Der K\u00e4ufer ist verpflichtet, die Ware nach Erhalt auf M\u00e4ngel und Sch\u00e4den zu untersuchen. Der K\u00e4ufer ist verpflichtet, uns M\u00e4ngel unverz\u00fcglich zu melden. Wir haften nicht f\u00fcr vom Spediteur verursachte M\u00e4ngel. R\u00fccksendeadresse:Ryba\u0159ska 839\/2, 360 17 Karlovy Vary. Kostenlose R\u00fcckgabe innerhalb von 30 Tagen nach dem Kauf.<\/p>\n<p>Die Garantie gilt nicht f\u00fcr:<\/p>\n<ul>\n<li>M\u00e4ngel bei normalem Gebrauch<\/li>\n<li>falsche Verwendung des Produkts<\/li>\n<li>unsachgem\u00e4\u00dfe Lagerung<\/li>\n<\/ul>\n<p>Methode:<\/p>\n<p>Informieren Sie uns per Telefon oder E-Mail \u00fcber die Beschwerde.<\/p>\n","protected":false},"excerpt":{"rendered":"<p>Gesch\u00e4ftsbedingungen f\u00fcr Endkunden: Wir werden alle Beschwerden zu Ihrer Zufriedenheit durch eine individuelle Vereinbarung mit Ihnen und in \u00dcbereinstimmung mit geltendem Recht bearbeiten. Der K\u00e4ufer ist verpflichtet, die Ware nach Erhalt auf M\u00e4ngel und Sch\u00e4den zu untersuchen. Der K\u00e4ufer ist verpflichtet, uns M\u00e4ngel unverz\u00fcglich zu melden. Wir haften nicht f\u00fcr vom Spediteur verursachte M\u00e4ngel. R\u00fccksendeadresse:Ryba\u0159ska 839\/2, 360 17 Karlovy Vary. Kostenlose R\u00fcckgabe innerhalb von 30 Tagen nach dem Kauf. Die Garantie gilt nicht f\u00fcr: M\u00e4ngel bei normalem Gebrauch falsche Verwendung des Produkts unsachgem\u00e4\u00dfe Lagerung Methode: Informieren Sie uns per Telefon oder E-Mail \u00fcber die Beschwerde.<\/p>\n","protected":false},"author":1,"featured_media":0,"parent":0,"menu_order":0,"comment_status":"closed","ping_status":"closed","template":"","meta":{"_acf_changed":false,"om_disable_all_campaigns":false,"inline_featured_image":false,"_monsterinsights_skip_tracking":false,"_monsterinsights_sitenote_active":false,"_monsterinsights_sitenote_note":"","_monsterinsights_sitenote_category":0,"_uf_show_specific_survey":0,"_uf_disable_surveys":false,"footnotes":""},"class_list":["post-22392","page","type-page","status-publish","hentry","post-no-thumbnail"],"acf":[],"aioseo_notices":[],"yoast_head":"<!-- This site is optimized with the Yoast SEO Premium plugin v27.1 (Yoast SEO v27.1.1) - https:\/\/yoast.com\/product\/yoast-seo-premium-wordpress\/ -->\n<title>Lieferung und R\u00fcckgabe von Waren<\/title>\n<meta name=\"description\" content=\"Allgemeine Gesch\u00e4ftsbedingungen f\u00fcr die Lieferung, R\u00fcckgabe oder den Umtausch von Waren, die im iPhysios Online-Shop gekauft wurden.\" \/>\n<meta name=\"robots\" content=\"index, follow, max-snippet:-1, max-image-preview:large, max-video-preview:-1\" \/>\n<link rel=\"canonical\" href=\"https:\/\/iphysios.com\/en\/delivery-and-return\/\" \/>\n<meta property=\"og:locale\" content=\"de_DE\" \/>\n<meta property=\"og:type\" content=\"article\" \/>\n<meta property=\"og:title\" content=\"Lieferung und R\u00fcckgabe\" \/>\n<meta property=\"og:description\" content=\"Allgemeine Gesch\u00e4ftsbedingungen f\u00fcr die Lieferung, R\u00fcckgabe oder den Umtausch von Waren, die im iPhysios Online-Shop gekauft wurden.\" \/>\n<meta property=\"og:url\" content=\"https:\/\/iphysios.com\/en\/delivery-and-return\/\" \/>\n<meta property=\"og:site_name\" content=\"iPhysios\" \/>\n<meta property=\"article:modified_time\" content=\"2025-03-02T21:29:06+00:00\" \/>\n<meta name=\"twitter:card\" content=\"summary_large_image\" \/>\n<meta name=\"twitter:label1\" content=\"Gesch\u00e4tzte Lesezeit\" \/>\n\t<meta name=\"twitter:data1\" content=\"1\u00a0Minute\" \/>\n<script type=\"application\/ld+json\" class=\"yoast-schema-graph\">{\"@context\":\"https:\/\/schema.org\",\"@graph\":[{\"@type\":\"WebPage\",\"@id\":\"https:\/\/iphysios.com\/en\/delivery-and-return\/\",\"url\":\"https:\/\/iphysios.com\/en\/delivery-and-return\/\",\"name\":\"Lieferung und R\u00fcckgabe von Waren\",\"isPartOf\":{\"@id\":\"https:\/\/iphysios.com\/en\/#website\"},\"datePublished\":\"2020-08-10T17:02:39+00:00\",\"dateModified\":\"2025-03-02T21:29:06+00:00\",\"description\":\"Allgemeine Gesch\u00e4ftsbedingungen f\u00fcr die Lieferung, R\u00fcckgabe oder den Umtausch von Waren, die im iPhysios Online-Shop gekauft wurden.\",\"breadcrumb\":{\"@id\":\"https:\/\/iphysios.com\/en\/delivery-and-return\/#breadcrumb\"},\"inLanguage\":\"de\",\"potentialAction\":[{\"@type\":\"ReadAction\",\"target\":[\"https:\/\/iphysios.com\/en\/delivery-and-return\/\"]}]},{\"@type\":\"BreadcrumbList\",\"@id\":\"https:\/\/iphysios.com\/en\/delivery-and-return\/#breadcrumb\",\"itemListElement\":[{\"@type\":\"ListItem\",\"position\":1,\"name\":\"\u0413\u043b\u0430\u0432\u043d\u0430\u044f \u0441\u0442\u0440\u0430\u043d\u0438\u0446\u0430\",\"item\":\"https:\/\/iphysios.com\/en\/home\/\"},{\"@type\":\"ListItem\",\"position\":2,\"name\":\"Lieferung und R\u00fcckgabe\"}]},{\"@type\":\"WebSite\",\"@id\":\"https:\/\/iphysios.com\/en\/#website\",\"url\":\"https:\/\/iphysios.com\/en\/\",\"name\":\"iPhysios\",\"description\":\"\",\"potentialAction\":[{\"@type\":\"SearchAction\",\"target\":{\"@type\":\"EntryPoint\",\"urlTemplate\":\"https:\/\/iphysios.com\/en\/?s={search_term_string}\"},\"query-input\":{\"@type\":\"PropertyValueSpecification\",\"valueRequired\":true,\"valueName\":\"search_term_string\"}}],\"inLanguage\":\"de\"}]}<\/script>\n<!-- \/ Yoast SEO Premium plugin. -->","yoast_head_json":{"title":"Lieferung und R\u00fcckgabe von Waren","description":"Allgemeine Gesch\u00e4ftsbedingungen f\u00fcr die Lieferung, R\u00fcckgabe oder den Umtausch von Waren, die im iPhysios Online-Shop gekauft wurden.","robots":{"index":"index","follow":"follow","max-snippet":"max-snippet:-1","max-image-preview":"max-image-preview:large","max-video-preview":"max-video-preview:-1"},"canonical":"https:\/\/iphysios.com\/en\/delivery-and-return\/","og_locale":"de_DE","og_type":"article","og_title":"Lieferung und R\u00fcckgabe","og_description":"Allgemeine Gesch\u00e4ftsbedingungen f\u00fcr die Lieferung, R\u00fcckgabe oder den Umtausch von Waren, die im iPhysios Online-Shop gekauft wurden.","og_url":"https:\/\/iphysios.com\/en\/delivery-and-return\/","og_site_name":"iPhysios","article_modified_time":"2025-03-02T21:29:06+00:00","twitter_card":"summary_large_image","twitter_misc":{"Gesch\u00e4tzte Lesezeit":"1\u00a0Minute"},"schema":{"@context":"https:\/\/schema.org","@graph":[{"@type":"WebPage","@id":"https:\/\/iphysios.com\/en\/delivery-and-return\/","url":"https:\/\/iphysios.com\/en\/delivery-and-return\/","name":"Lieferung und R\u00fcckgabe von Waren","isPartOf":{"@id":"https:\/\/iphysios.com\/en\/#website"},"datePublished":"2020-08-10T17:02:39+00:00","dateModified":"2025-03-02T21:29:06+00:00","description":"Allgemeine Gesch\u00e4ftsbedingungen f\u00fcr die Lieferung, R\u00fcckgabe oder den Umtausch von Waren, die im iPhysios Online-Shop gekauft wurden.","breadcrumb":{"@id":"https:\/\/iphysios.com\/en\/delivery-and-return\/#breadcrumb"},"inLanguage":"de","potentialAction":[{"@type":"ReadAction","target":["https:\/\/iphysios.com\/en\/delivery-and-return\/"]}]},{"@type":"BreadcrumbList","@id":"https:\/\/iphysios.com\/en\/delivery-and-return\/#breadcrumb","itemListElement":[{"@type":"ListItem","position":1,"name":"\u0413\u043b\u0430\u0432\u043d\u0430\u044f \u0441\u0442\u0440\u0430\u043d\u0438\u0446\u0430","item":"https:\/\/iphysios.com\/en\/home\/"},{"@type":"ListItem","position":2,"name":"Lieferung und R\u00fcckgabe"}]},{"@type":"WebSite","@id":"https:\/\/iphysios.com\/en\/#website","url":"https:\/\/iphysios.com\/en\/","name":"iPhysios","description":"","potentialAction":[{"@type":"SearchAction","target":{"@type":"EntryPoint","urlTemplate":"https:\/\/iphysios.com\/en\/?s={search_term_string}"},"query-input":{"@type":"PropertyValueSpecification","valueRequired":true,"valueName":"search_term_string"}}],"inLanguage":"de"}]}},"jetpack_sharing_enabled":true,"_links":{"self":[{"href":"https:\/\/iphysios.com\/de\/wp-json\/wp\/v2\/pages\/22392","targetHints":{"allow":["GET"]}}],"collection":[{"href":"https:\/\/iphysios.com\/de\/wp-json\/wp\/v2\/pages"}],"about":[{"href":"https:\/\/iphysios.com\/de\/wp-json\/wp\/v2\/types\/page"}],"author":[{"embeddable":true,"href":"https:\/\/iphysios.com\/de\/wp-json\/wp\/v2\/users\/1"}],"replies":[{"embeddable":true,"href":"https:\/\/iphysios.com\/de\/wp-json\/wp\/v2\/comments?post=22392"}],"version-history":[{"count":2,"href":"https:\/\/iphysios.com\/de\/wp-json\/wp\/v2\/pages\/22392\/revisions"}],"predecessor-version":[{"id":24391,"href":"https:\/\/iphysios.com\/de\/wp-json\/wp\/v2\/pages\/22392\/revisions\/24391"}],"wp:attachment":[{"href":"https:\/\/iphysios.com\/de\/wp-json\/wp\/v2\/media?parent=22392"}],"curies":[{"name":"wp","href":"https:\/\/api.w.org\/{rel}","templated":true}]}}