{"id":22927,"date":"2020-09-29T21:21:55","date_gmt":"2020-09-29T19:21:55","guid":{"rendered":"https:\/\/iphysios.com\/product\/denas-pcm6-denas-applicator\/"},"modified":"2023-11-19T01:09:36","modified_gmt":"2023-11-18T23:09:36","slug":"denas-pcm-denas-applicator","status":"publish","type":"product","link":"https:\/\/iphysios.com\/de\/product\/denas-pcm-denas-applicator\/","title":{"rendered":"DENAS PCM PRO + DENAS APPLICATOR"},"content":{"rendered":"<h2>DENAS PCM PRO<\/h2>\n<p>Allerdings ist DENAS PCM auch bestens f\u00fcr den Privatgebrauch geeignet. Es kann zwischen 5 Sprachen gew\u00e4hlt werden: Deutsch, Englisch, Franz\u00f6sisch, Italienisch und Russisch. Das Ger\u00e4t verf\u00fcgt \u00fcber 24 verschiedene Therapieprogramme, die bei unterschiedlichen Krankheiten und Gesundheitsbeschwerden angewendet werden<\/p>\n<p>Das medizinische Ger\u00e4t DENAS-PCM bedeutet:<\/p>\n<ul>\n<li>24 automatisierte Behandlungsprogramme, unter denen es solche Behandlungsprogramme wie \u00abHusten\u00bb, \u00abSchmerzen\u00bb, \u00abSchnupfen\u00bb, \u00abGelenke\u00bb, \u00abAllergie\u00bb, \u00abR\u00fccken\u00bb, usw. gibt;<\/li>\n<li>14 Modi f\u00fcr die Behandlung und die Prophylaxe;<\/li>\n<li>eine Funktion \u00abKinderarzt\u00bb, die die komfortable Durchf\u00fchrung von therapeutischen Prozeduren f\u00fcr kleine Kinder gew\u00e4hrleistet;<\/li>\n<li>die Demonstrierung der Wirkungszonen auf dem Farbbildschirm des medizinischen Ger\u00e4tes bei der ausgew\u00e4hlten Wirkungsmethodik;<\/li>\n<li>die M\u00f6glichkeit der Auswahl der Men\u00fcsprache wie, zum Beispiel, Russisch, Englisch., Deutsch, Franz\u00f6sisch oder Italienisch.<\/li>\n<\/ul>\n","protected":false},"excerpt":{"rendered":"<p>DENAS-PCM PRO ist ein medizinisches Universalger\u00e4t, das eine Mehrheit von Behandlungsprogrammen f\u00fcr die Erste-Hilfe-Leistung und die kursm\u00e4\u00dfige Behandlung umsetzen darf.<br \/>\nDie DENAS Applikatoren sind eine sinnvolle Erweiterung der DENAS Medizinger\u00e4te. Sie dehnen die heilende Wirkung der DENAS Ger\u00e4te auf weitere Bereiche des K\u00f6rpers aus.<\/p>\n","protected":false},"featured_media":23779,"comment_status":"open","ping_status":"closed","template":"","meta":{"_acf_changed":false,"om_disable_all_campaigns":false,"inline_featured_image":false,"_monsterinsights_skip_tracking":false,"_monsterinsights_sitenote_active":false,"_monsterinsights_sitenote_note":"","_monsterinsights_sitenote_category":0,"_uf_show_specific_survey":0,"_uf_disable_surveys":false},"product_brand":[],"product_cat":[395,489,438,389],"product_tag":[],"class_list":{"0":"post-22927","1":"product","2":"type-product","3":"status-publish","4":"has-post-thumbnail","6":"product_cat-aktionen","7":"product_cat-danas-geraete","8":"product_cat-merk-denas","9":"product_cat-profitables-angebot","11":"first","12":"instock","13":"taxable","14":"shipping-taxable","15":"purchasable","16":"product-type-simple"},"acf":[],"aioseo_notices":[],"yoast_head":"<!-- This site is optimized with the Yoast SEO Premium plugin v27.1 (Yoast SEO v27.1.1) - https:\/\/yoast.com\/product\/yoast-seo-premium-wordpress\/ -->\n<title>DENAS PCM + DENAS APPLICATOR ein Rabatt<\/title>\n<meta name=\"description\" content=\"Wir bieten Ihnen intelligente, n\u00fctzliche S\u00e4tze von DENAS PCM -Ger\u00e4ten f\u00fcr die effektivste Behandlung.\" \/>\n<meta name=\"robots\" content=\"index, follow, max-snippet:-1, max-image-preview:large, max-video-preview:-1\" \/>\n<link rel=\"canonical\" href=\"https:\/\/iphysios.com\/en\/product\/denas-pcm-denas-applicator\/\" \/>\n<meta property=\"og:locale\" content=\"de_DE\" \/>\n<meta property=\"og:type\" content=\"article\" \/>\n<meta property=\"og:title\" content=\"DENAS PCM PRO + DENAS APPLICATOR\" \/>\n<meta property=\"og:description\" content=\"Wir bieten Ihnen intelligente, n\u00fctzliche S\u00e4tze von DENAS PCM -Ger\u00e4ten f\u00fcr die effektivste Behandlung.\" \/>\n<meta property=\"og:url\" content=\"https:\/\/iphysios.com\/en\/product\/denas-pcm-denas-applicator\/\" \/>\n<meta property=\"og:site_name\" content=\"iPhysios\" \/>\n<meta property=\"article:modified_time\" content=\"2023-11-18T23:09:36+00:00\" \/>\n<meta property=\"og:image\" content=\"https:\/\/iphysios.com\/wp-content\/uploads\/2020\/09\/pcmapplicator.jpg\" \/>\n\t<meta property=\"og:image:width\" content=\"915\" \/>\n\t<meta property=\"og:image:height\" content=\"903\" \/>\n\t<meta property=\"og:image:type\" content=\"image\/jpeg\" \/>\n<meta name=\"twitter:card\" content=\"summary_large_image\" \/>\n<meta name=\"twitter:label1\" content=\"Gesch\u00e4tzte Lesezeit\" \/>\n\t<meta name=\"twitter:data1\" content=\"1\u00a0Minute\" \/>\n<script type=\"application\/ld+json\" class=\"yoast-schema-graph\">{\"@context\":\"https:\/\/schema.org\",\"@graph\":[{\"@type\":\"WebPage\",\"@id\":\"https:\/\/iphysios.com\/en\/product\/denas-pcm-denas-applicator\/\",\"url\":\"https:\/\/iphysios.com\/en\/product\/denas-pcm-denas-applicator\/\",\"name\":\"DENAS PCM + DENAS APPLICATOR ein Rabatt\",\"isPartOf\":{\"@id\":\"https:\/\/iphysios.com\/en\/#website\"},\"primaryImageOfPage\":{\"@id\":\"https:\/\/iphysios.com\/en\/product\/denas-pcm-denas-applicator\/#primaryimage\"},\"image\":{\"@id\":\"https:\/\/iphysios.com\/en\/product\/denas-pcm-denas-applicator\/#primaryimage\"},\"thumbnailUrl\":\"https:\/\/iphysios.com\/wp-content\/uploads\/2020\/09\/pcmapplicator.jpg\",\"datePublished\":\"2020-09-29T19:21:55+00:00\",\"dateModified\":\"2023-11-18T23:09:36+00:00\",\"description\":\"Wir bieten Ihnen intelligente, n\u00fctzliche S\u00e4tze von DENAS PCM -Ger\u00e4ten f\u00fcr die effektivste Behandlung.\",\"breadcrumb\":{\"@id\":\"https:\/\/iphysios.com\/en\/product\/denas-pcm-denas-applicator\/#breadcrumb\"},\"inLanguage\":\"de\",\"potentialAction\":[{\"@type\":\"ReadAction\",\"target\":[\"https:\/\/iphysios.com\/en\/product\/denas-pcm-denas-applicator\/\"]}]},{\"@type\":\"ImageObject\",\"inLanguage\":\"de\",\"@id\":\"https:\/\/iphysios.com\/en\/product\/denas-pcm-denas-applicator\/#primaryimage\",\"url\":\"https:\/\/iphysios.com\/wp-content\/uploads\/2020\/09\/pcmapplicator.jpg\",\"contentUrl\":\"https:\/\/iphysios.com\/wp-content\/uploads\/2020\/09\/pcmapplicator.jpg\",\"width\":915,\"height\":903,\"caption\":\"DENAS PCM PRO + DENAS APPLICATOR\"},{\"@type\":\"BreadcrumbList\",\"@id\":\"https:\/\/iphysios.com\/en\/product\/denas-pcm-denas-applicator\/#breadcrumb\",\"itemListElement\":[{\"@type\":\"ListItem\",\"position\":1,\"name\":\"\u0413\u043b\u0430\u0432\u043d\u0430\u044f \u0441\u0442\u0440\u0430\u043d\u0438\u0446\u0430\",\"item\":\"https:\/\/iphysios.com\/en\/home\/\"},{\"@type\":\"ListItem\",\"position\":2,\"name\":\"Shop\",\"item\":\"https:\/\/iphysios.com\/en\/shop\/\"},{\"@type\":\"ListItem\",\"position\":3,\"name\":\"DENAS PCM PRO + DENAS APPLICATOR\"}]},{\"@type\":\"WebSite\",\"@id\":\"https:\/\/iphysios.com\/en\/#website\",\"url\":\"https:\/\/iphysios.com\/en\/\",\"name\":\"iPhysios\",\"description\":\"\",\"potentialAction\":[{\"@type\":\"SearchAction\",\"target\":{\"@type\":\"EntryPoint\",\"urlTemplate\":\"https:\/\/iphysios.com\/en\/?s={search_term_string}\"},\"query-input\":{\"@type\":\"PropertyValueSpecification\",\"valueRequired\":true,\"valueName\":\"search_term_string\"}}],\"inLanguage\":\"de\"}]}<\/script>\n<!-- \/ Yoast SEO Premium plugin. -->","yoast_head_json":{"title":"DENAS PCM + DENAS APPLICATOR ein Rabatt","description":"Wir bieten Ihnen intelligente, n\u00fctzliche S\u00e4tze von DENAS PCM -Ger\u00e4ten f\u00fcr die effektivste Behandlung.","robots":{"index":"index","follow":"follow","max-snippet":"max-snippet:-1","max-image-preview":"max-image-preview:large","max-video-preview":"max-video-preview:-1"},"canonical":"https:\/\/iphysios.com\/en\/product\/denas-pcm-denas-applicator\/","og_locale":"de_DE","og_type":"article","og_title":"DENAS PCM PRO + DENAS APPLICATOR","og_description":"Wir bieten Ihnen intelligente, n\u00fctzliche S\u00e4tze von DENAS PCM -Ger\u00e4ten f\u00fcr die effektivste Behandlung.","og_url":"https:\/\/iphysios.com\/en\/product\/denas-pcm-denas-applicator\/","og_site_name":"iPhysios","article_modified_time":"2023-11-18T23:09:36+00:00","og_image":[{"width":915,"height":903,"url":"https:\/\/iphysios.com\/wp-content\/uploads\/2020\/09\/pcmapplicator.jpg","type":"image\/jpeg"}],"twitter_card":"summary_large_image","twitter_misc":{"Gesch\u00e4tzte Lesezeit":"1\u00a0Minute"},"schema":{"@context":"https:\/\/schema.org","@graph":[{"@type":"WebPage","@id":"https:\/\/iphysios.com\/en\/product\/denas-pcm-denas-applicator\/","url":"https:\/\/iphysios.com\/en\/product\/denas-pcm-denas-applicator\/","name":"DENAS PCM + DENAS APPLICATOR ein Rabatt","isPartOf":{"@id":"https:\/\/iphysios.com\/en\/#website"},"primaryImageOfPage":{"@id":"https:\/\/iphysios.com\/en\/product\/denas-pcm-denas-applicator\/#primaryimage"},"image":{"@id":"https:\/\/iphysios.com\/en\/product\/denas-pcm-denas-applicator\/#primaryimage"},"thumbnailUrl":"https:\/\/iphysios.com\/wp-content\/uploads\/2020\/09\/pcmapplicator.jpg","datePublished":"2020-09-29T19:21:55+00:00","dateModified":"2023-11-18T23:09:36+00:00","description":"Wir bieten Ihnen intelligente, n\u00fctzliche S\u00e4tze von DENAS PCM -Ger\u00e4ten f\u00fcr die effektivste Behandlung.","breadcrumb":{"@id":"https:\/\/iphysios.com\/en\/product\/denas-pcm-denas-applicator\/#breadcrumb"},"inLanguage":"de","potentialAction":[{"@type":"ReadAction","target":["https:\/\/iphysios.com\/en\/product\/denas-pcm-denas-applicator\/"]}]},{"@type":"ImageObject","inLanguage":"de","@id":"https:\/\/iphysios.com\/en\/product\/denas-pcm-denas-applicator\/#primaryimage","url":"https:\/\/iphysios.com\/wp-content\/uploads\/2020\/09\/pcmapplicator.jpg","contentUrl":"https:\/\/iphysios.com\/wp-content\/uploads\/2020\/09\/pcmapplicator.jpg","width":915,"height":903,"caption":"DENAS PCM PRO + DENAS APPLICATOR"},{"@type":"BreadcrumbList","@id":"https:\/\/iphysios.com\/en\/product\/denas-pcm-denas-applicator\/#breadcrumb","itemListElement":[{"@type":"ListItem","position":1,"name":"\u0413\u043b\u0430\u0432\u043d\u0430\u044f \u0441\u0442\u0440\u0430\u043d\u0438\u0446\u0430","item":"https:\/\/iphysios.com\/en\/home\/"},{"@type":"ListItem","position":2,"name":"Shop","item":"https:\/\/iphysios.com\/en\/shop\/"},{"@type":"ListItem","position":3,"name":"DENAS PCM PRO + DENAS APPLICATOR"}]},{"@type":"WebSite","@id":"https:\/\/iphysios.com\/en\/#website","url":"https:\/\/iphysios.com\/en\/","name":"iPhysios","description":"","potentialAction":[{"@type":"SearchAction","target":{"@type":"EntryPoint","urlTemplate":"https:\/\/iphysios.com\/en\/?s={search_term_string}"},"query-input":{"@type":"PropertyValueSpecification","valueRequired":true,"valueName":"search_term_string"}}],"inLanguage":"de"}]}},"jetpack_sharing_enabled":true,"_links":{"self":[{"href":"https:\/\/iphysios.com\/de\/wp-json\/wp\/v2\/product\/22927","targetHints":{"allow":["GET"]}}],"collection":[{"href":"https:\/\/iphysios.com\/de\/wp-json\/wp\/v2\/product"}],"about":[{"href":"https:\/\/iphysios.com\/de\/wp-json\/wp\/v2\/types\/product"}],"replies":[{"embeddable":true,"href":"https:\/\/iphysios.com\/de\/wp-json\/wp\/v2\/comments?post=22927"}],"wp:featuredmedia":[{"embeddable":true,"href":"https:\/\/iphysios.com\/de\/wp-json\/wp\/v2\/media\/23779"}],"wp:attachment":[{"href":"https:\/\/iphysios.com\/de\/wp-json\/wp\/v2\/media?parent=22927"}],"wp:term":[{"taxonomy":"product_brand","embeddable":true,"href":"https:\/\/iphysios.com\/de\/wp-json\/wp\/v2\/product_brand?post=22927"},{"taxonomy":"product_cat","embeddable":true,"href":"https:\/\/iphysios.com\/de\/wp-json\/wp\/v2\/product_cat?post=22927"},{"taxonomy":"product_tag","embeddable":true,"href":"https:\/\/iphysios.com\/de\/wp-json\/wp\/v2\/product_tag?post=22927"}],"curies":[{"name":"wp","href":"https:\/\/api.w.org\/{rel}","templated":true}]}}