{"id":23427,"date":"2023-03-23T00:49:33","date_gmt":"2023-03-22T22:49:33","guid":{"rendered":"https:\/\/iphysios.com\/?post_type=product&#038;p=23427"},"modified":"2024-03-13T00:44:21","modified_gmt":"2024-03-12T22:44:21","slug":"denas-applikatoren-kopirovat","status":"publish","type":"product","link":"https:\/\/iphysios.com\/de\/product\/denas-applikatoren-kopirovat\/","title":{"rendered":"DENAS-Massage-Elektroden"},"content":{"rendered":"<h1 style=\"text-align: center;\"><a href=\"https:\/\/www.ebay.de\/itm\/125842715415?hash=item1d4ccf7317:g:PxwAAOSw88xkHdZL&amp;amdata=enc%3AAQAIAAAAwIiI8Dsf46fDDF0S5fESwfz1rht7wro%2BjnTSdRZEKA6%2F%2F4nrJUorSJkiAwBA6RiOyEUajjWPXKuxGUGaEgKZ3g7iHFylXmeUkTkcEEi%2FS7vSskdPKXKl8b2RxR6dC%2FV%2B39h1wSgK2%2Bqbi3RJSiXEagWgXDnTHyq%2Bzc1P5yRTmqUCH9NP6HajRFCCH4eOe58iYaKPat2SDLb0hPR845hYZuHNewA1Jdg2s243cxosJCSGLJMBXVvrAJyf1EZO0C799g%3D%3D%7Ctkp%3ABk9SR_7Tt5K8Yg\">DENAS-Massage-Elektroden<\/a><\/h1>\n<p>DENAS-Massage-Elektroden sind ein Satz von externen nadelf\u00f6rmigen und flachen Elektroden f\u00fcr <strong><a href=\"https:\/\/iphysios.com\/de\/product\/denas-pcm-6-gerat\/?glang=de&#038;gurl=product%2Fdenas-pcm-6-gerat%2F&#038;v=928568b84963\">DENAS\/DENS-Ger\u00e4te.<\/a><\/strong><br \/>\nDENAS-Massage-Elektroden erm\u00f6glichen die Kombination von zwei Behandlungsarten &#8211; dynamische Elektroneurostimulation (DENS) und Mechanotherapie (Massage).<\/p>\n<p>Das Set enth\u00e4lt zwei externe Massageelektroden f\u00fcr das DENAS-Ger\u00e4t PKM 6, eine mit Nadeln auf der Arbeitsfl\u00e4che der ersten Elektrode und die zweite mit einer flachen Oberfl\u00e4che.<br \/>\nExterne Massageelektroden werden verwendet, um die Effizienz der DENS-Therapie zu erh\u00f6hen und die Behandlung von schwer zug\u00e4nglichen oder f\u00fcr die Behandlung mit den eingebauten Elektroden des Ger\u00e4ts unangenehmen Hautbereichen zu erleichtern.<br \/>\nDie dynamische Elektroneurostimulation mit externen Massageelektroden wird zur Behandlung eines breiten Spektrums von viszeralen Erkrankungen, Schmerzsyndromen sowie in der Gesichts- und K\u00f6rper\u00e4sthetik eingesetzt.<\/p>\n<h5>1. <strong>Die Nadelmassageelektrode<\/strong><\/h5>\n<p>ist so konzipiert, dass sie auf die Kopfhaut wirkt.<br \/>\nDanas Massageelektroden haben eine doppelte Wirkung: Strom-Neurostimulation und technische Massage durch Druck.<br \/>\n<span style=\"color: #ff0000;\"><strong>Indikationen f\u00fcr die Anwendung:<\/strong><\/span><\/p>\n<p>&#8211; Kopfschmerzen, Schwindel;<br \/>\n&#8211; Schlafst\u00f6rungen, M\u00fcdigkeit, Angstzust\u00e4nde;<br \/>\n&#8211; Haarausfall;<br \/>\n&#8211; Rehabilitation nach entz\u00fcndlichen Erkrankungen, traumatischen Hirnverletzungen;<br \/>\n&#8211; Arteriosklerose der Hirngef\u00e4\u00dfe.<\/p>\n<h5>2. Die Massageelektrodenplattform (flach)<\/h5>\n<p>ist f\u00fcr kosmetische Eingriffe im Gesicht und am K\u00f6rper bestimmt.<br \/>\nDiese Elektrode ist auch eine gute Alternative zur gr\u00f6\u00dferen eingebauten Elektrode, insbesondere bei der Behandlung schwer erreichbarer K\u00f6rperstellen. Diese Elektrode erleichtert die Behandlung erheblich &#8211; Sie m\u00fcssen nicht st\u00e4ndig das gesamte elektronische Ger\u00e4t bewegen und man\u00f6vrieren.<br \/>\nIndikationen f\u00fcr die Anwendung:<\/p>\n<p>&#8211; Verminderte Hautelastizit\u00e4t und Muskelspannung, Schwellungen;<br \/>\n&#8211; zur Behandlung und Vorbeugung von Cellulite;<br \/>\n&#8211; f\u00fcr die Behandlung einzelner schmerzhafter Bereiche.<\/p>\n<p><strong><span style=\"color: #ff0000;\">Das Set enth\u00e4lt:<\/span><\/strong><br \/>\n&#8211; Externe therapeutische Massageelektrode Nr. 1;<br \/>\n&#8211; Externe therapeutische Massageelektrode Nr. 2;<br \/>\n&#8211; Bedienungsanleitung in Englisch als *PDF, RU &#8211; in der Schachtel;<br \/>\n&#8211; Verbindungskabel.<\/p>\n<p>&nbsp;<\/p>\n<p>&nbsp;<\/p>\n","protected":false},"excerpt":{"rendered":"<p>DENAS Massage ist ein Satz von externen nadelf\u00f6rmigen und flachen Elektroden f\u00fcr <a href=\"https:\/\/iphysios.com\/de\/product\/denas-pcm-6-gerat\/?glang=de&amp;gurl=product%2Fdenas-pcm-6-gerat%2F&amp;v=928568b84963\">DENAS\/DENS-Ger\u00e4te.<\/a><br \/>\nDie DENAS-Massage-Elektroden erm\u00f6glichen die Kombination von zwei Behandlungsarten &#8211; dynamische Elektroneurostimulation (DENS) und Mechanotherapie (Massage).<\/p>\n<p>Gebrauchsanweisung in Deutsch auf Anfrage<\/p>\n","protected":false},"featured_media":23432,"comment_status":"open","ping_status":"closed","template":"","meta":{"_acf_changed":false,"om_disable_all_campaigns":false,"inline_featured_image":false,"_monsterinsights_skip_tracking":false,"_monsterinsights_sitenote_active":false,"_monsterinsights_sitenote_note":"","_monsterinsights_sitenote_category":0,"_uf_show_specific_survey":0,"_uf_disable_surveys":false},"product_brand":[],"product_cat":[395,568],"product_tag":[],"class_list":{"0":"post-23427","1":"product","2":"type-product","3":"status-publish","4":"has-post-thumbnail","6":"product_cat-aktionen","7":"product_cat-elektroden-und-zubehoer","9":"first","10":"outofstock","11":"taxable","12":"shipping-taxable","13":"purchasable","14":"product-type-simple"},"acf":[],"aioseo_notices":[],"yoast_head":"<!-- This site is optimized with the Yoast SEO Premium plugin v27.1 (Yoast SEO v27.1.1) - https:\/\/yoast.com\/product\/yoast-seo-premium-wordpress\/ -->\n<title>Danas Massageelektroden zum besten Preis kaufen<\/title>\n<meta name=\"description\" content=\"Kaufen Massage-Elektroden mit (Denas) zum besten Preis, mit Garantie und schnelle Lieferung in unserem Online-Shop - einfach! Lieferung mit EU weltweit.\" \/>\n<meta name=\"robots\" content=\"index, follow, max-snippet:-1, max-image-preview:large, max-video-preview:-1\" \/>\n<link rel=\"canonical\" href=\"https:\/\/iphysios.com\/en\/product\/denas-massage-elecrodes\/\" \/>\n<meta property=\"og:locale\" content=\"de_DE\" \/>\n<meta property=\"og:type\" content=\"article\" \/>\n<meta property=\"og:title\" content=\"DENAS-Massage-Elektroden\" \/>\n<meta property=\"og:description\" content=\"Kaufen Massage-Elektroden mit (Denas) zum besten Preis, mit Garantie und schnelle Lieferung in unserem Online-Shop - einfach! Lieferung mit EU weltweit.\" \/>\n<meta property=\"og:url\" content=\"https:\/\/iphysios.com\/en\/product\/denas-massage-elecrodes\/\" \/>\n<meta property=\"og:site_name\" content=\"iPhysios\" \/>\n<meta property=\"article:modified_time\" content=\"2024-03-12T22:44:21+00:00\" \/>\n<meta property=\"og:image\" content=\"https:\/\/iphysios.com\/wp-content\/uploads\/2023\/03\/mass6.png\" \/>\n\t<meta property=\"og:image:width\" content=\"500\" \/>\n\t<meta property=\"og:image:height\" content=\"500\" \/>\n\t<meta property=\"og:image:type\" content=\"image\/png\" \/>\n<meta name=\"twitter:card\" content=\"summary_large_image\" \/>\n<meta name=\"twitter:label1\" content=\"Gesch\u00e4tzte Lesezeit\" \/>\n\t<meta name=\"twitter:data1\" content=\"2\u00a0Minuten\" \/>\n<script type=\"application\/ld+json\" class=\"yoast-schema-graph\">{\"@context\":\"https:\/\/schema.org\",\"@graph\":[{\"@type\":\"WebPage\",\"@id\":\"https:\/\/iphysios.com\/en\/product\/denas-massage-elecrodes\/\",\"url\":\"https:\/\/iphysios.com\/en\/product\/denas-massage-elecrodes\/\",\"name\":\"Danas Massageelektroden zum besten Preis kaufen\",\"isPartOf\":{\"@id\":\"https:\/\/iphysios.com\/en\/#website\"},\"primaryImageOfPage\":{\"@id\":\"https:\/\/iphysios.com\/en\/product\/denas-massage-elecrodes\/#primaryimage\"},\"image\":{\"@id\":\"https:\/\/iphysios.com\/en\/product\/denas-massage-elecrodes\/#primaryimage\"},\"thumbnailUrl\":\"https:\/\/iphysios.com\/wp-content\/uploads\/2023\/03\/mass6.png\",\"datePublished\":\"2023-03-22T22:49:33+00:00\",\"dateModified\":\"2024-03-12T22:44:21+00:00\",\"description\":\"Kaufen Massage-Elektroden mit (Denas) zum besten Preis, mit Garantie und schnelle Lieferung in unserem Online-Shop - einfach! Lieferung mit EU weltweit.\",\"breadcrumb\":{\"@id\":\"https:\/\/iphysios.com\/en\/product\/denas-massage-elecrodes\/#breadcrumb\"},\"inLanguage\":\"de\",\"potentialAction\":[{\"@type\":\"ReadAction\",\"target\":[\"https:\/\/iphysios.com\/en\/product\/denas-massage-elecrodes\/\"]}]},{\"@type\":\"ImageObject\",\"inLanguage\":\"de\",\"@id\":\"https:\/\/iphysios.com\/en\/product\/denas-massage-elecrodes\/#primaryimage\",\"url\":\"https:\/\/iphysios.com\/wp-content\/uploads\/2023\/03\/mass6.png\",\"contentUrl\":\"https:\/\/iphysios.com\/wp-content\/uploads\/2023\/03\/mass6.png\",\"width\":500,\"height\":500,\"caption\":\"DENAS-Massage-Elektroden\"},{\"@type\":\"BreadcrumbList\",\"@id\":\"https:\/\/iphysios.com\/en\/product\/denas-massage-elecrodes\/#breadcrumb\",\"itemListElement\":[{\"@type\":\"ListItem\",\"position\":1,\"name\":\"\u0413\u043b\u0430\u0432\u043d\u0430\u044f \u0441\u0442\u0440\u0430\u043d\u0438\u0446\u0430\",\"item\":\"https:\/\/iphysios.com\/en\/home\/\"},{\"@type\":\"ListItem\",\"position\":2,\"name\":\"Shop\",\"item\":\"https:\/\/iphysios.com\/en\/shop\/\"},{\"@type\":\"ListItem\",\"position\":3,\"name\":\"DENAS-Massage-Elektroden\"}]},{\"@type\":\"WebSite\",\"@id\":\"https:\/\/iphysios.com\/en\/#website\",\"url\":\"https:\/\/iphysios.com\/en\/\",\"name\":\"iPhysios\",\"description\":\"\",\"potentialAction\":[{\"@type\":\"SearchAction\",\"target\":{\"@type\":\"EntryPoint\",\"urlTemplate\":\"https:\/\/iphysios.com\/en\/?s={search_term_string}\"},\"query-input\":{\"@type\":\"PropertyValueSpecification\",\"valueRequired\":true,\"valueName\":\"search_term_string\"}}],\"inLanguage\":\"de\"}]}<\/script>\n<!-- \/ Yoast SEO Premium plugin. -->","yoast_head_json":{"title":"Danas Massageelektroden zum besten Preis kaufen","description":"Kaufen Massage-Elektroden mit (Denas) zum besten Preis, mit Garantie und schnelle Lieferung in unserem Online-Shop - einfach! Lieferung mit EU weltweit.","robots":{"index":"index","follow":"follow","max-snippet":"max-snippet:-1","max-image-preview":"max-image-preview:large","max-video-preview":"max-video-preview:-1"},"canonical":"https:\/\/iphysios.com\/en\/product\/denas-massage-elecrodes\/","og_locale":"de_DE","og_type":"article","og_title":"DENAS-Massage-Elektroden","og_description":"Kaufen Massage-Elektroden mit (Denas) zum besten Preis, mit Garantie und schnelle Lieferung in unserem Online-Shop - einfach! Lieferung mit EU weltweit.","og_url":"https:\/\/iphysios.com\/en\/product\/denas-massage-elecrodes\/","og_site_name":"iPhysios","article_modified_time":"2024-03-12T22:44:21+00:00","og_image":[{"width":500,"height":500,"url":"https:\/\/iphysios.com\/wp-content\/uploads\/2023\/03\/mass6.png","type":"image\/png"}],"twitter_card":"summary_large_image","twitter_misc":{"Gesch\u00e4tzte Lesezeit":"2\u00a0Minuten"},"schema":{"@context":"https:\/\/schema.org","@graph":[{"@type":"WebPage","@id":"https:\/\/iphysios.com\/en\/product\/denas-massage-elecrodes\/","url":"https:\/\/iphysios.com\/en\/product\/denas-massage-elecrodes\/","name":"Danas Massageelektroden zum besten Preis kaufen","isPartOf":{"@id":"https:\/\/iphysios.com\/en\/#website"},"primaryImageOfPage":{"@id":"https:\/\/iphysios.com\/en\/product\/denas-massage-elecrodes\/#primaryimage"},"image":{"@id":"https:\/\/iphysios.com\/en\/product\/denas-massage-elecrodes\/#primaryimage"},"thumbnailUrl":"https:\/\/iphysios.com\/wp-content\/uploads\/2023\/03\/mass6.png","datePublished":"2023-03-22T22:49:33+00:00","dateModified":"2024-03-12T22:44:21+00:00","description":"Kaufen Massage-Elektroden mit (Denas) zum besten Preis, mit Garantie und schnelle Lieferung in unserem Online-Shop - einfach! Lieferung mit EU weltweit.","breadcrumb":{"@id":"https:\/\/iphysios.com\/en\/product\/denas-massage-elecrodes\/#breadcrumb"},"inLanguage":"de","potentialAction":[{"@type":"ReadAction","target":["https:\/\/iphysios.com\/en\/product\/denas-massage-elecrodes\/"]}]},{"@type":"ImageObject","inLanguage":"de","@id":"https:\/\/iphysios.com\/en\/product\/denas-massage-elecrodes\/#primaryimage","url":"https:\/\/iphysios.com\/wp-content\/uploads\/2023\/03\/mass6.png","contentUrl":"https:\/\/iphysios.com\/wp-content\/uploads\/2023\/03\/mass6.png","width":500,"height":500,"caption":"DENAS-Massage-Elektroden"},{"@type":"BreadcrumbList","@id":"https:\/\/iphysios.com\/en\/product\/denas-massage-elecrodes\/#breadcrumb","itemListElement":[{"@type":"ListItem","position":1,"name":"\u0413\u043b\u0430\u0432\u043d\u0430\u044f \u0441\u0442\u0440\u0430\u043d\u0438\u0446\u0430","item":"https:\/\/iphysios.com\/en\/home\/"},{"@type":"ListItem","position":2,"name":"Shop","item":"https:\/\/iphysios.com\/en\/shop\/"},{"@type":"ListItem","position":3,"name":"DENAS-Massage-Elektroden"}]},{"@type":"WebSite","@id":"https:\/\/iphysios.com\/en\/#website","url":"https:\/\/iphysios.com\/en\/","name":"iPhysios","description":"","potentialAction":[{"@type":"SearchAction","target":{"@type":"EntryPoint","urlTemplate":"https:\/\/iphysios.com\/en\/?s={search_term_string}"},"query-input":{"@type":"PropertyValueSpecification","valueRequired":true,"valueName":"search_term_string"}}],"inLanguage":"de"}]}},"jetpack_sharing_enabled":true,"_links":{"self":[{"href":"https:\/\/iphysios.com\/de\/wp-json\/wp\/v2\/product\/23427","targetHints":{"allow":["GET"]}}],"collection":[{"href":"https:\/\/iphysios.com\/de\/wp-json\/wp\/v2\/product"}],"about":[{"href":"https:\/\/iphysios.com\/de\/wp-json\/wp\/v2\/types\/product"}],"replies":[{"embeddable":true,"href":"https:\/\/iphysios.com\/de\/wp-json\/wp\/v2\/comments?post=23427"}],"wp:featuredmedia":[{"embeddable":true,"href":"https:\/\/iphysios.com\/de\/wp-json\/wp\/v2\/media\/23432"}],"wp:attachment":[{"href":"https:\/\/iphysios.com\/de\/wp-json\/wp\/v2\/media?parent=23427"}],"wp:term":[{"taxonomy":"product_brand","embeddable":true,"href":"https:\/\/iphysios.com\/de\/wp-json\/wp\/v2\/product_brand?post=23427"},{"taxonomy":"product_cat","embeddable":true,"href":"https:\/\/iphysios.com\/de\/wp-json\/wp\/v2\/product_cat?post=23427"},{"taxonomy":"product_tag","embeddable":true,"href":"https:\/\/iphysios.com\/de\/wp-json\/wp\/v2\/product_tag?post=23427"}],"curies":[{"name":"wp","href":"https:\/\/api.w.org\/{rel}","templated":true}]}}