{"id":23666,"date":"2023-10-29T17:38:05","date_gmt":"2023-10-29T15:38:05","guid":{"rendered":"https:\/\/iphysios.com\/product\/denas-pcm-pro\/"},"modified":"2025-04-17T09:44:16","modified_gmt":"2025-04-17T07:44:16","slug":"denas-pcm-pro","status":"publish","type":"product","link":"https:\/\/iphysios.com\/de\/product\/denas-pcm-pro\/","title":{"rendered":"NEUES Modell! Denas PCM Pro-Ger\u00e4t"},"content":{"rendered":"<h5 style=\"text-align: center;\"><strong>Ger\u00e4t DENAS PCM Pro<\/strong><\/h5>\n<h6 style=\"text-align: center;\"><a href=\"https:\/\/www.ebay.com\/itm\/126062387250?mkevt=1&amp;mkcid=1&amp;mkrid=711-53200-19255-0&amp;campid=5338722076&amp;customid=&amp;toolid=10050\">Denas PCM Pro<\/a>\u00a0 Ger\u00e4t ist das neue Modell, das das <a href=\"https:\/\/iphysios.com\/de\/product\/denas-pcm-6-gerat\/?v=928568b84963\">DENAS PCM 6\u00a0<\/a>ersetzt.<\/h6>\n<p style=\"text-align: center;\">Der universelle perkutane Elektrostimulator Denas PCM Pro ist f\u00fcr die DENS-Therapie in einem breiten Frequenzbereich mit der M\u00f6glichkeit der Verwendung voreingestellter automatischer Programme oder der Auswahl eines individuellen Behandlungsprogramms konzipiert.<\/p>\n<p>Der transkutane universelle Elektrostimulator ist f\u00fcr die dynamische elektrische Neurostimulation in einem breiten Frequenzbereich konzipiert, wobei die M\u00f6glichkeit besteht, ein individuelles Behandlungsprogramm auszuw\u00e4hlen oder vorinstallierte automatische Programme zu verwenden, darunter 2 neue: CELLULITE und MUSKEL\/SPORT<\/p>\n<p>Das <strong>Ger\u00e4t DENAS-PCM Pro verf\u00fcgt \u00fcber 2 neue Funktionen<\/strong>:<\/p>\n<p><strong><span style=\"color: #ff0000;\">FAVORITEN<\/span> <\/strong>&#8211; zur Eingabe h\u00e4ufig verwendeter Programme oder Frequenzen, die einen schnellen Zugriff auf diese erm\u00f6glichen<\/p>\n<p><strong><span style=\"color: #ff0000;\">DESIGNER<\/span> <\/strong>&#8211; zur Erstellung individueller Behandlungsschemata und zur Speicherung dieser Schemata im Ger\u00e4t<\/p>\n<h5>Breite therapeutische M\u00f6glichkeiten:<\/h5>\n<p>therapeutische, pr\u00e4ventive und wiederherstellende Wirkungen.<br \/>\nZug\u00e4ngliche Ergebnisse: F\u00fcr die effektive Nutzung des Ger\u00e4ts sind keine speziellen medizinischen Kenntnisse erforderlich.<br \/>\nElegantes Design: ergonomisches Geh\u00e4use, Farbdisplay, benutzerfreundliche Schnittstelle.<br \/>\nMehrsprachig: Steuerung in Russisch, Englisch, Deutsch, Tschechisch und Italienisch.<\/p>\n<h5>26 therapeutische Express-Programme:<\/h5>\n<p>&#8222;Allergie&#8220;, &#8222;Schmerz&#8220;, &#8222;Starker Schmerz&#8220;, &#8222;Bl\u00e4hungen&#8220;, &#8222;VSD&#8220;, &#8222;Gyn\u00e4kologie&#8220;, &#8222;Gyn\u00e4kologische Schmerzen&#8220;, &#8222;Hypotonie&#8220;, &#8222;Hypotonie&#8220;, &#8222;Kopf&#8220;, &#8222;Hals&#8220;, &#8222;Durchfall&#8220;, &#8222;Magen-Darm-Schmerzen&#8220;, &#8222;Verstopfung&#8220;, &#8222;Husten&#8220;, &#8222;Muskeln&#8220;, &#8222;Muskelsport&#8220;, &#8222;Flie\u00dfschnupfen&#8220;, &#8222;Potenz&#8220;, &#8222;Niere&#8220;, &#8222;R\u00fccken&#8220;, &#8222;Gelenke&#8220;, &#8222;\u00dcbelkeit&#8220;, &#8222;Verletzung&#8220;, &#8222;Ersticken&#8220;, &#8222;Cellulite&#8220;.<\/p>\n<p>Konformit\u00e4tserkl\u00e4rung.<br \/>\nGarantiezeit f\u00fcr den Gebrauch: 12 Monate<\/p>\n<p>Gewicht: 138 g.<\/p>\n<h5>Vollst\u00e4ndigkeit:<\/h5>\n<p>Elektrostimulator DENAS-PKM Pro &#8211; 1 Stk.<br \/>\nEnergiezelle LR6\/AA 1,5 B &#8211; 2 St.<br \/>\nVerbindungskabel &#8211; 1 Stk.<br \/>\nSelbstklebende Remote-Elektrode &#8211; 6 Stk.<br \/>\n<strong>Bedienungsanleitung Papierhandbuch Englisch oder Russisch in BOX &#8211; 1 Stk.<\/strong><\/p>\n","protected":false},"excerpt":{"rendered":"<p>Schnelle Lieferung aus der Tschechischen Republik<br \/>\n<strong>Betriebsanleitung Papierhandbuch Englisch oder Russisch in BOX &#8211; 1 St.<\/strong><\/p>\n","protected":false},"featured_media":23843,"comment_status":"open","ping_status":"closed","template":"","meta":{"_acf_changed":false,"om_disable_all_campaigns":false,"inline_featured_image":false,"_monsterinsights_skip_tracking":false,"_monsterinsights_sitenote_active":false,"_monsterinsights_sitenote_note":"","_monsterinsights_sitenote_category":0,"_uf_show_specific_survey":0,"_uf_disable_surveys":false},"product_brand":[],"product_cat":[395,489,438],"product_tag":[],"class_list":{"0":"post-23666","1":"product","2":"type-product","3":"status-publish","4":"has-post-thumbnail","6":"product_cat-aktionen","7":"product_cat-danas-geraete","8":"product_cat-merk-denas","10":"first","11":"instock","12":"taxable","13":"shipping-taxable","14":"purchasable","15":"product-type-simple"},"acf":[],"aioseo_notices":[],"yoast_head":"<!-- This site is optimized with the Yoast SEO Premium plugin v27.1 (Yoast SEO v27.1.1) - https:\/\/yoast.com\/product\/yoast-seo-premium-wordpress\/ -->\n<title>NEUES Modell! Denas PCM Pro-Ger\u00e4t - iPhysios<\/title>\n<meta name=\"description\" content=\"DENAS-PCM Pro Ger\u00e4t neuestes Modell der DENAS-Serie Ger\u00e4te, Englisch Papier Handbuch in Box. Kaufen Denas PCM Pro und Zubeh\u00f6r kaufen in unserem Shop.\" \/>\n<meta name=\"robots\" content=\"index, follow, max-snippet:-1, max-image-preview:large, max-video-preview:-1\" \/>\n<link rel=\"canonical\" href=\"https:\/\/iphysios.com\/en\/product\/denas-pcm-pro-2\/\" \/>\n<meta property=\"og:locale\" content=\"de_DE\" \/>\n<meta property=\"og:type\" content=\"article\" \/>\n<meta property=\"og:title\" content=\"NEUES Modell! Denas PCM Pro-Ger\u00e4t\" \/>\n<meta property=\"og:description\" content=\"DENAS-PCM Pro Ger\u00e4t neuestes Modell der DENAS-Serie Ger\u00e4te, Englisch Papier Handbuch in Box. Kaufen Denas PCM Pro und Zubeh\u00f6r kaufen in unserem Shop.\" \/>\n<meta property=\"og:url\" content=\"https:\/\/iphysios.com\/en\/product\/denas-pcm-pro-2\/\" \/>\n<meta property=\"og:site_name\" content=\"iPhysios\" \/>\n<meta property=\"article:modified_time\" content=\"2025-04-17T07:44:16+00:00\" \/>\n<meta property=\"og:image\" content=\"https:\/\/iphysios.com\/wp-content\/uploads\/2023\/10\/1dbrf64p2f9xorlcicwn6qoygtiefo71-1.jpg\" \/>\n\t<meta property=\"og:image:width\" content=\"848\" \/>\n\t<meta property=\"og:image:height\" content=\"1056\" \/>\n\t<meta property=\"og:image:type\" content=\"image\/jpeg\" \/>\n<meta name=\"twitter:card\" content=\"summary_large_image\" \/>\n<meta name=\"twitter:label1\" content=\"Gesch\u00e4tzte Lesezeit\" \/>\n\t<meta name=\"twitter:data1\" content=\"2\u00a0Minuten\" \/>\n<script type=\"application\/ld+json\" class=\"yoast-schema-graph\">{\"@context\":\"https:\/\/schema.org\",\"@graph\":[{\"@type\":\"WebPage\",\"@id\":\"https:\/\/iphysios.com\/en\/product\/denas-pcm-pro-2\/\",\"url\":\"https:\/\/iphysios.com\/en\/product\/denas-pcm-pro-2\/\",\"name\":\"NEUES Modell! Denas PCM Pro-Ger\u00e4t - iPhysios\",\"isPartOf\":{\"@id\":\"https:\/\/iphysios.com\/en\/#website\"},\"primaryImageOfPage\":{\"@id\":\"https:\/\/iphysios.com\/en\/product\/denas-pcm-pro-2\/#primaryimage\"},\"image\":{\"@id\":\"https:\/\/iphysios.com\/en\/product\/denas-pcm-pro-2\/#primaryimage\"},\"thumbnailUrl\":\"https:\/\/iphysios.com\/wp-content\/uploads\/2023\/10\/1dbrf64p2f9xorlcicwn6qoygtiefo71-1.jpg\",\"datePublished\":\"2023-10-29T15:38:05+00:00\",\"dateModified\":\"2025-04-17T07:44:16+00:00\",\"description\":\"DENAS-PCM Pro Ger\u00e4t neuestes Modell der DENAS-Serie Ger\u00e4te, Englisch Papier Handbuch in Box. Kaufen Denas PCM Pro und Zubeh\u00f6r kaufen in unserem Shop.\",\"breadcrumb\":{\"@id\":\"https:\/\/iphysios.com\/en\/product\/denas-pcm-pro-2\/#breadcrumb\"},\"inLanguage\":\"de\",\"potentialAction\":[{\"@type\":\"ReadAction\",\"target\":[\"https:\/\/iphysios.com\/en\/product\/denas-pcm-pro-2\/\"]}]},{\"@type\":\"ImageObject\",\"inLanguage\":\"de\",\"@id\":\"https:\/\/iphysios.com\/en\/product\/denas-pcm-pro-2\/#primaryimage\",\"url\":\"https:\/\/iphysios.com\/wp-content\/uploads\/2023\/10\/1dbrf64p2f9xorlcicwn6qoygtiefo71-1.jpg\",\"contentUrl\":\"https:\/\/iphysios.com\/wp-content\/uploads\/2023\/10\/1dbrf64p2f9xorlcicwn6qoygtiefo71-1.jpg\",\"width\":848,\"height\":1056,\"caption\":\"NEUES Modell! Denas PCM Pro-Ger\u00e4t\"},{\"@type\":\"BreadcrumbList\",\"@id\":\"https:\/\/iphysios.com\/en\/product\/denas-pcm-pro-2\/#breadcrumb\",\"itemListElement\":[{\"@type\":\"ListItem\",\"position\":1,\"name\":\"\u0413\u043b\u0430\u0432\u043d\u0430\u044f \u0441\u0442\u0440\u0430\u043d\u0438\u0446\u0430\",\"item\":\"https:\/\/iphysios.com\/en\/home\/\"},{\"@type\":\"ListItem\",\"position\":2,\"name\":\"Shop\",\"item\":\"https:\/\/iphysios.com\/en\/shop\/\"},{\"@type\":\"ListItem\",\"position\":3,\"name\":\"NEUES Modell! Denas PCM Pro-Ger\u00e4t\"}]},{\"@type\":\"WebSite\",\"@id\":\"https:\/\/iphysios.com\/en\/#website\",\"url\":\"https:\/\/iphysios.com\/en\/\",\"name\":\"iPhysios\",\"description\":\"\",\"potentialAction\":[{\"@type\":\"SearchAction\",\"target\":{\"@type\":\"EntryPoint\",\"urlTemplate\":\"https:\/\/iphysios.com\/en\/?s={search_term_string}\"},\"query-input\":{\"@type\":\"PropertyValueSpecification\",\"valueRequired\":true,\"valueName\":\"search_term_string\"}}],\"inLanguage\":\"de\"}]}<\/script>\n<!-- \/ Yoast SEO Premium plugin. -->","yoast_head_json":{"title":"NEUES Modell! Denas PCM Pro-Ger\u00e4t - iPhysios","description":"DENAS-PCM Pro Ger\u00e4t neuestes Modell der DENAS-Serie Ger\u00e4te, Englisch Papier Handbuch in Box. Kaufen Denas PCM Pro und Zubeh\u00f6r kaufen in unserem Shop.","robots":{"index":"index","follow":"follow","max-snippet":"max-snippet:-1","max-image-preview":"max-image-preview:large","max-video-preview":"max-video-preview:-1"},"canonical":"https:\/\/iphysios.com\/en\/product\/denas-pcm-pro-2\/","og_locale":"de_DE","og_type":"article","og_title":"NEUES Modell! Denas PCM Pro-Ger\u00e4t","og_description":"DENAS-PCM Pro Ger\u00e4t neuestes Modell der DENAS-Serie Ger\u00e4te, Englisch Papier Handbuch in Box. Kaufen Denas PCM Pro und Zubeh\u00f6r kaufen in unserem Shop.","og_url":"https:\/\/iphysios.com\/en\/product\/denas-pcm-pro-2\/","og_site_name":"iPhysios","article_modified_time":"2025-04-17T07:44:16+00:00","og_image":[{"width":848,"height":1056,"url":"https:\/\/iphysios.com\/wp-content\/uploads\/2023\/10\/1dbrf64p2f9xorlcicwn6qoygtiefo71-1.jpg","type":"image\/jpeg"}],"twitter_card":"summary_large_image","twitter_misc":{"Gesch\u00e4tzte Lesezeit":"2\u00a0Minuten"},"schema":{"@context":"https:\/\/schema.org","@graph":[{"@type":"WebPage","@id":"https:\/\/iphysios.com\/en\/product\/denas-pcm-pro-2\/","url":"https:\/\/iphysios.com\/en\/product\/denas-pcm-pro-2\/","name":"NEUES Modell! Denas PCM Pro-Ger\u00e4t - iPhysios","isPartOf":{"@id":"https:\/\/iphysios.com\/en\/#website"},"primaryImageOfPage":{"@id":"https:\/\/iphysios.com\/en\/product\/denas-pcm-pro-2\/#primaryimage"},"image":{"@id":"https:\/\/iphysios.com\/en\/product\/denas-pcm-pro-2\/#primaryimage"},"thumbnailUrl":"https:\/\/iphysios.com\/wp-content\/uploads\/2023\/10\/1dbrf64p2f9xorlcicwn6qoygtiefo71-1.jpg","datePublished":"2023-10-29T15:38:05+00:00","dateModified":"2025-04-17T07:44:16+00:00","description":"DENAS-PCM Pro Ger\u00e4t neuestes Modell der DENAS-Serie Ger\u00e4te, Englisch Papier Handbuch in Box. Kaufen Denas PCM Pro und Zubeh\u00f6r kaufen in unserem Shop.","breadcrumb":{"@id":"https:\/\/iphysios.com\/en\/product\/denas-pcm-pro-2\/#breadcrumb"},"inLanguage":"de","potentialAction":[{"@type":"ReadAction","target":["https:\/\/iphysios.com\/en\/product\/denas-pcm-pro-2\/"]}]},{"@type":"ImageObject","inLanguage":"de","@id":"https:\/\/iphysios.com\/en\/product\/denas-pcm-pro-2\/#primaryimage","url":"https:\/\/iphysios.com\/wp-content\/uploads\/2023\/10\/1dbrf64p2f9xorlcicwn6qoygtiefo71-1.jpg","contentUrl":"https:\/\/iphysios.com\/wp-content\/uploads\/2023\/10\/1dbrf64p2f9xorlcicwn6qoygtiefo71-1.jpg","width":848,"height":1056,"caption":"NEUES Modell! Denas PCM Pro-Ger\u00e4t"},{"@type":"BreadcrumbList","@id":"https:\/\/iphysios.com\/en\/product\/denas-pcm-pro-2\/#breadcrumb","itemListElement":[{"@type":"ListItem","position":1,"name":"\u0413\u043b\u0430\u0432\u043d\u0430\u044f \u0441\u0442\u0440\u0430\u043d\u0438\u0446\u0430","item":"https:\/\/iphysios.com\/en\/home\/"},{"@type":"ListItem","position":2,"name":"Shop","item":"https:\/\/iphysios.com\/en\/shop\/"},{"@type":"ListItem","position":3,"name":"NEUES Modell! Denas PCM Pro-Ger\u00e4t"}]},{"@type":"WebSite","@id":"https:\/\/iphysios.com\/en\/#website","url":"https:\/\/iphysios.com\/en\/","name":"iPhysios","description":"","potentialAction":[{"@type":"SearchAction","target":{"@type":"EntryPoint","urlTemplate":"https:\/\/iphysios.com\/en\/?s={search_term_string}"},"query-input":{"@type":"PropertyValueSpecification","valueRequired":true,"valueName":"search_term_string"}}],"inLanguage":"de"}]}},"jetpack_sharing_enabled":true,"_links":{"self":[{"href":"https:\/\/iphysios.com\/de\/wp-json\/wp\/v2\/product\/23666","targetHints":{"allow":["GET"]}}],"collection":[{"href":"https:\/\/iphysios.com\/de\/wp-json\/wp\/v2\/product"}],"about":[{"href":"https:\/\/iphysios.com\/de\/wp-json\/wp\/v2\/types\/product"}],"replies":[{"embeddable":true,"href":"https:\/\/iphysios.com\/de\/wp-json\/wp\/v2\/comments?post=23666"}],"wp:featuredmedia":[{"embeddable":true,"href":"https:\/\/iphysios.com\/de\/wp-json\/wp\/v2\/media\/23843"}],"wp:attachment":[{"href":"https:\/\/iphysios.com\/de\/wp-json\/wp\/v2\/media?parent=23666"}],"wp:term":[{"taxonomy":"product_brand","embeddable":true,"href":"https:\/\/iphysios.com\/de\/wp-json\/wp\/v2\/product_brand?post=23666"},{"taxonomy":"product_cat","embeddable":true,"href":"https:\/\/iphysios.com\/de\/wp-json\/wp\/v2\/product_cat?post=23666"},{"taxonomy":"product_tag","embeddable":true,"href":"https:\/\/iphysios.com\/de\/wp-json\/wp\/v2\/product_tag?post=23666"}],"curies":[{"name":"wp","href":"https:\/\/api.w.org\/{rel}","templated":true}]}}