{"id":24018,"date":"2024-02-28T22:35:19","date_gmt":"2024-02-28T20:35:19","guid":{"rendered":"https:\/\/iphysios.com\/product\/denas-ultra\/"},"modified":"2025-06-20T07:44:35","modified_gmt":"2025-06-20T05:44:35","slug":"denas-ultra","status":"publish","type":"product","link":"https:\/\/iphysios.com\/de\/product\/denas-ultra\/","title":{"rendered":"Denas Ultra UV"},"content":{"rendered":"<p>Das tragbare Ultraviolett-Desinfektionsger\u00e4t DENAS-Ultra ist ein Richtungsbestrahlungsger\u00e4t, das in der Lage ist, Keime dort zu beseitigen, wo sie mit herk\u00f6mmlichen Methoden schwer zu bek\u00e4mpfen sind.<br \/>\nMit dem tragbaren Ultraviolett-Desinfektor DENAS-Ultra k\u00f6nnen Sie Oberfl\u00e4chen aus verschiedenen Materialien sterilisieren:<\/p>\n<p>&#8211; Mobil- und Festnetztelefone, Camcorder, Tablet-Computer, Kameras;<br \/>\n&#8211; Tafelgeschirr;<br \/>\n&#8211; Toilettensitzdeckel, Badewannen, Waschbecken, Zahnb\u00fcrsten, K\u00e4mme, Handt\u00fccher;<br \/>\n&#8211; Computerm\u00e4use, Tastaturen, Scanner, Faxger\u00e4te und andere B\u00fcroger\u00e4te;<br \/>\n&#8211; Babyschnuller, Spielzeug, Kleidung;<br \/>\n&#8211; medizinische Ger\u00e4te, Elektroden, Sonnenb\u00e4nke;<br \/>\n&#8211; Autoteile: Sitze, Lenkr\u00e4der, Armlehnen, Dachgep\u00e4cktr\u00e4ger und Kofferr\u00e4ume;<br \/>\n&#8211; Arbeitsplatten, T\u00fcrklinken;<br \/>\n&#8211; schmuck;<br \/>\n&#8211; K\u00fcchenbretter;<br \/>\n&#8211; herausnehmbarer Zahnersatz und andere.<\/p>\n<p>Eine solche Sterilisation beeintr\u00e4chtigt nicht das Aussehen und die funktionellen Eigenschaften der sterilisierten Oberfl\u00e4chen, vergiftet nicht die Luft und verursacht im Gegensatz zu chemischen Desinfektionsmethoden keine allergischen Reaktionen.<\/p>\n<p>DENAS-Ultra wirkt auch auf Mikroorganismen, die gegen Reinigungs- und Desinfektionsmittel resistent sind.<\/p>\n<p>DENAS-Ultra hat ein Taschenformat, so dass Sie es immer zur Hand haben k\u00f6nnen.<\/p>\n<p>Der Bausatz enth\u00e4lt:<\/p>\n<p>&#8211; DENAS-Ultra Ger\u00e4t;<br \/>\n&#8211; Russisches Betriebshandbuch;<br \/>\n&#8211; Verbraucherverpackung;<br \/>\n&#8211; AAA-Batterie<\/p>\n<p>Spezifikationen:<\/p>\n<p>&#8211; Stromversorgung: 4 AAA-Batterien oder USB-Anschluss;<br \/>\n&#8211; Nennleistung: 3 W;<br \/>\n&#8211; Batterielebensdauer: 1-3 Stunden (abh\u00e4ngig von der Nutzungsintensit\u00e4t);<br \/>\n&#8211; Abmessungen: 125\u00d735\u00d725 mm;<br \/>\n&#8211; Gewicht: 65 g (ohne Batterien).<\/p>\n<p>Wie zu verwenden:<\/p>\n<p>Das Ger\u00e4t funktioniert mit einer einfachen Stromversorgung (Batterien oder USB) und ist einfach zu bedienen.<\/p>\n<p>&#8211; Um einen Gegenstand zu desinfizieren, m\u00fcssen Sie das Ger\u00e4t einschalten und es 20-30 Sekunden lang \u00fcber die zu sterilisierende Oberfl\u00e4che halten.<br \/>\n&#8211; W\u00e4hrend dieser Zeit beeintr\u00e4chtigt die ultraviolette Strahlung mit einer Wellenl\u00e4nge von 253,7 Nanometern die Mikroorganismen und macht den Gegenstand optimal sauber, wenn auch nicht steril.<br \/>\n&#8211; DENAS-Ultra strahlt ultraviolettes Licht aus, das f\u00fcr Menschen und Tiere absolut unbedenklich ist, aber f\u00fcr Lebensmittel, menschliche Augen und die Haut streng verboten ist.<\/p>\n","protected":false},"excerpt":{"rendered":"<p>Das tragbare UV-Desinfektionsger\u00e4t DENAS-Ultra ist ein gerichtetes Bestrahlungsger\u00e4t, das in der Lage ist, Keime dort zu beseitigen, wo sie mit herk\u00f6mmlichen Methoden schwer zu bek\u00e4mpfen sind.<\/p>\n","protected":false},"featured_media":24012,"comment_status":"open","ping_status":"closed","template":"","meta":{"_acf_changed":false,"om_disable_all_campaigns":false,"inline_featured_image":false,"_monsterinsights_skip_tracking":false,"_monsterinsights_sitenote_active":false,"_monsterinsights_sitenote_note":"","_monsterinsights_sitenote_category":0,"_uf_show_specific_survey":0,"_uf_disable_surveys":false},"product_brand":[],"product_cat":[395,489,438,541],"product_tag":[],"class_list":{"0":"post-24018","1":"product","2":"type-product","3":"status-publish","4":"has-post-thumbnail","6":"product_cat-aktionen","7":"product_cat-danas-geraete","8":"product_cat-merk-denas","9":"product_cat-zubehoer","11":"first","12":"instock","13":"taxable","14":"shipping-taxable","15":"purchasable","16":"product-type-simple"},"acf":[],"aioseo_notices":[],"yoast_head":"<!-- This site is optimized with the Yoast SEO Premium plugin v27.1 (Yoast SEO v27.1.1) - https:\/\/yoast.com\/product\/yoast-seo-premium-wordpress\/ -->\n<title>Denas Ultra UV - iPhysios<\/title>\n<meta name=\"description\" content=\"Kaufen Sie DENAS-Ultra Portable UV Desinfector f\u00fcr DENAS Ger\u00e4te \/ Zubeh\u00f6r und nicht nur mit Rabatt in unserem iPhysios-Shop.\" \/>\n<meta name=\"robots\" content=\"index, follow, max-snippet:-1, max-image-preview:large, max-video-preview:-1\" \/>\n<link rel=\"canonical\" href=\"https:\/\/iphysios.com\/de\/product\/denas-ultra\/\" \/>\n<meta property=\"og:locale\" content=\"de_DE\" \/>\n<meta property=\"og:type\" content=\"article\" \/>\n<meta property=\"og:title\" content=\"Denas Ultra UV\" \/>\n<meta property=\"og:description\" content=\"Kaufen Sie DENAS-Ultra Portable UV Desinfector f\u00fcr DENAS Ger\u00e4te \/ Zubeh\u00f6r und nicht nur mit Rabatt in unserem iPhysios-Shop.\" \/>\n<meta property=\"og:url\" content=\"https:\/\/iphysios.com\/de\/product\/denas-ultra\/\" \/>\n<meta property=\"og:site_name\" content=\"iPhysios\" \/>\n<meta property=\"article:modified_time\" content=\"2025-06-20T05:44:35+00:00\" \/>\n<meta property=\"og:image\" content=\"https:\/\/iphysios.com\/wp-content\/uploads\/2024\/02\/ultra800x800-500x500-1.jpg\" \/>\n\t<meta property=\"og:image:width\" content=\"500\" \/>\n\t<meta property=\"og:image:height\" content=\"500\" \/>\n\t<meta property=\"og:image:type\" content=\"image\/jpeg\" \/>\n<meta name=\"twitter:card\" content=\"summary_large_image\" \/>\n<meta name=\"twitter:label1\" content=\"Gesch\u00e4tzte Lesezeit\" \/>\n\t<meta name=\"twitter:data1\" content=\"2\u00a0Minuten\" \/>\n<script type=\"application\/ld+json\" class=\"yoast-schema-graph\">{\"@context\":\"https:\/\/schema.org\",\"@graph\":[{\"@type\":\"WebPage\",\"@id\":\"https:\/\/iphysios.com\/de\/product\/denas-ultra\/\",\"url\":\"https:\/\/iphysios.com\/de\/product\/denas-ultra\/\",\"name\":\"Denas Ultra UV - iPhysios\",\"isPartOf\":{\"@id\":\"https:\/\/iphysios.com\/en\/#website\"},\"primaryImageOfPage\":{\"@id\":\"https:\/\/iphysios.com\/de\/product\/denas-ultra\/#primaryimage\"},\"image\":{\"@id\":\"https:\/\/iphysios.com\/de\/product\/denas-ultra\/#primaryimage\"},\"thumbnailUrl\":\"https:\/\/iphysios.com\/wp-content\/uploads\/2024\/02\/ultra800x800-500x500-1.jpg\",\"datePublished\":\"2024-02-28T20:35:19+00:00\",\"dateModified\":\"2025-06-20T05:44:35+00:00\",\"description\":\"Kaufen Sie DENAS-Ultra Portable UV Desinfector f\u00fcr DENAS Ger\u00e4te \/ Zubeh\u00f6r und nicht nur mit Rabatt in unserem iPhysios-Shop.\",\"breadcrumb\":{\"@id\":\"https:\/\/iphysios.com\/de\/product\/denas-ultra\/#breadcrumb\"},\"inLanguage\":\"de\",\"potentialAction\":[{\"@type\":\"ReadAction\",\"target\":[\"https:\/\/iphysios.com\/de\/product\/denas-ultra\/\"]}]},{\"@type\":\"ImageObject\",\"inLanguage\":\"de\",\"@id\":\"https:\/\/iphysios.com\/de\/product\/denas-ultra\/#primaryimage\",\"url\":\"https:\/\/iphysios.com\/wp-content\/uploads\/2024\/02\/ultra800x800-500x500-1.jpg\",\"contentUrl\":\"https:\/\/iphysios.com\/wp-content\/uploads\/2024\/02\/ultra800x800-500x500-1.jpg\",\"width\":500,\"height\":500,\"caption\":\"Denas Ultra\"},{\"@type\":\"BreadcrumbList\",\"@id\":\"https:\/\/iphysios.com\/de\/product\/denas-ultra\/#breadcrumb\",\"itemListElement\":[{\"@type\":\"ListItem\",\"position\":1,\"name\":\"\u0413\u043b\u0430\u0432\u043d\u0430\u044f \u0441\u0442\u0440\u0430\u043d\u0438\u0446\u0430\",\"item\":\"https:\/\/iphysios.com\/en\/home\/\"},{\"@type\":\"ListItem\",\"position\":2,\"name\":\"Shop\",\"item\":\"https:\/\/iphysios.com\/en\/shop\/\"},{\"@type\":\"ListItem\",\"position\":3,\"name\":\"Denas Ultra UV\"}]},{\"@type\":\"WebSite\",\"@id\":\"https:\/\/iphysios.com\/en\/#website\",\"url\":\"https:\/\/iphysios.com\/en\/\",\"name\":\"iPhysios\",\"description\":\"\",\"potentialAction\":[{\"@type\":\"SearchAction\",\"target\":{\"@type\":\"EntryPoint\",\"urlTemplate\":\"https:\/\/iphysios.com\/en\/?s={search_term_string}\"},\"query-input\":{\"@type\":\"PropertyValueSpecification\",\"valueRequired\":true,\"valueName\":\"search_term_string\"}}],\"inLanguage\":\"de\"}]}<\/script>\n<!-- \/ Yoast SEO Premium plugin. -->","yoast_head_json":{"title":"Denas Ultra UV - iPhysios","description":"Kaufen Sie DENAS-Ultra Portable UV Desinfector f\u00fcr DENAS Ger\u00e4te \/ Zubeh\u00f6r und nicht nur mit Rabatt in unserem iPhysios-Shop.","robots":{"index":"index","follow":"follow","max-snippet":"max-snippet:-1","max-image-preview":"max-image-preview:large","max-video-preview":"max-video-preview:-1"},"canonical":"https:\/\/iphysios.com\/de\/product\/denas-ultra\/","og_locale":"de_DE","og_type":"article","og_title":"Denas Ultra UV","og_description":"Kaufen Sie DENAS-Ultra Portable UV Desinfector f\u00fcr DENAS Ger\u00e4te \/ Zubeh\u00f6r und nicht nur mit Rabatt in unserem iPhysios-Shop.","og_url":"https:\/\/iphysios.com\/de\/product\/denas-ultra\/","og_site_name":"iPhysios","article_modified_time":"2025-06-20T05:44:35+00:00","og_image":[{"width":500,"height":500,"url":"https:\/\/iphysios.com\/wp-content\/uploads\/2024\/02\/ultra800x800-500x500-1.jpg","type":"image\/jpeg"}],"twitter_card":"summary_large_image","twitter_misc":{"Gesch\u00e4tzte Lesezeit":"2\u00a0Minuten"},"schema":{"@context":"https:\/\/schema.org","@graph":[{"@type":"WebPage","@id":"https:\/\/iphysios.com\/de\/product\/denas-ultra\/","url":"https:\/\/iphysios.com\/de\/product\/denas-ultra\/","name":"Denas Ultra UV - iPhysios","isPartOf":{"@id":"https:\/\/iphysios.com\/en\/#website"},"primaryImageOfPage":{"@id":"https:\/\/iphysios.com\/de\/product\/denas-ultra\/#primaryimage"},"image":{"@id":"https:\/\/iphysios.com\/de\/product\/denas-ultra\/#primaryimage"},"thumbnailUrl":"https:\/\/iphysios.com\/wp-content\/uploads\/2024\/02\/ultra800x800-500x500-1.jpg","datePublished":"2024-02-28T20:35:19+00:00","dateModified":"2025-06-20T05:44:35+00:00","description":"Kaufen Sie DENAS-Ultra Portable UV Desinfector f\u00fcr DENAS Ger\u00e4te \/ Zubeh\u00f6r und nicht nur mit Rabatt in unserem iPhysios-Shop.","breadcrumb":{"@id":"https:\/\/iphysios.com\/de\/product\/denas-ultra\/#breadcrumb"},"inLanguage":"de","potentialAction":[{"@type":"ReadAction","target":["https:\/\/iphysios.com\/de\/product\/denas-ultra\/"]}]},{"@type":"ImageObject","inLanguage":"de","@id":"https:\/\/iphysios.com\/de\/product\/denas-ultra\/#primaryimage","url":"https:\/\/iphysios.com\/wp-content\/uploads\/2024\/02\/ultra800x800-500x500-1.jpg","contentUrl":"https:\/\/iphysios.com\/wp-content\/uploads\/2024\/02\/ultra800x800-500x500-1.jpg","width":500,"height":500,"caption":"Denas Ultra"},{"@type":"BreadcrumbList","@id":"https:\/\/iphysios.com\/de\/product\/denas-ultra\/#breadcrumb","itemListElement":[{"@type":"ListItem","position":1,"name":"\u0413\u043b\u0430\u0432\u043d\u0430\u044f \u0441\u0442\u0440\u0430\u043d\u0438\u0446\u0430","item":"https:\/\/iphysios.com\/en\/home\/"},{"@type":"ListItem","position":2,"name":"Shop","item":"https:\/\/iphysios.com\/en\/shop\/"},{"@type":"ListItem","position":3,"name":"Denas Ultra UV"}]},{"@type":"WebSite","@id":"https:\/\/iphysios.com\/en\/#website","url":"https:\/\/iphysios.com\/en\/","name":"iPhysios","description":"","potentialAction":[{"@type":"SearchAction","target":{"@type":"EntryPoint","urlTemplate":"https:\/\/iphysios.com\/en\/?s={search_term_string}"},"query-input":{"@type":"PropertyValueSpecification","valueRequired":true,"valueName":"search_term_string"}}],"inLanguage":"de"}]}},"jetpack_sharing_enabled":true,"_links":{"self":[{"href":"https:\/\/iphysios.com\/de\/wp-json\/wp\/v2\/product\/24018","targetHints":{"allow":["GET"]}}],"collection":[{"href":"https:\/\/iphysios.com\/de\/wp-json\/wp\/v2\/product"}],"about":[{"href":"https:\/\/iphysios.com\/de\/wp-json\/wp\/v2\/types\/product"}],"replies":[{"embeddable":true,"href":"https:\/\/iphysios.com\/de\/wp-json\/wp\/v2\/comments?post=24018"}],"wp:featuredmedia":[{"embeddable":true,"href":"https:\/\/iphysios.com\/de\/wp-json\/wp\/v2\/media\/24012"}],"wp:attachment":[{"href":"https:\/\/iphysios.com\/de\/wp-json\/wp\/v2\/media?parent=24018"}],"wp:term":[{"taxonomy":"product_brand","embeddable":true,"href":"https:\/\/iphysios.com\/de\/wp-json\/wp\/v2\/product_brand?post=24018"},{"taxonomy":"product_cat","embeddable":true,"href":"https:\/\/iphysios.com\/de\/wp-json\/wp\/v2\/product_cat?post=24018"},{"taxonomy":"product_tag","embeddable":true,"href":"https:\/\/iphysios.com\/de\/wp-json\/wp\/v2\/product_tag?post=24018"}],"curies":[{"name":"wp","href":"https:\/\/api.w.org\/{rel}","templated":true}]}}