{"id":24125,"date":"2024-04-23T21:53:16","date_gmt":"2024-04-23T19:53:16","guid":{"rendered":"https:\/\/iphysios.com\/product\/universal-elektroden-applikator-koreanisch-27x10-cm\/"},"modified":"2024-04-23T21:53:16","modified_gmt":"2024-04-23T19:53:16","slug":"universal-elektroden-applikator-koreanisch-27x10-cm","status":"publish","type":"product","link":"https:\/\/iphysios.com\/de\/product\/universal-elektroden-applikator-koreanisch-27x10-cm\/","title":{"rendered":"Universal-Elektroden-Applikator &#8220; Koreanisch&#8220; 27&#215;10 cm"},"content":{"rendered":"<p><b><strong>Universalelektrode &#8220; Koreanisch&#8220; f\u00fcr BioTENS, NeuroDENS-PKM, SCENAR, Mercury und andere.<\/strong><\/b><\/p>\n<p>&#8211; Remote-Elektrode aus leitf\u00e4higem Gummi f\u00fcr die Behandlung von R\u00fccken, Nacken, Gelenke, Trauma Folgen, etc.<\/p>\n<p>Die Gr\u00f6\u00dfe des Elektrodenapplikators &#8222;Korean&#8220; 27&#215;10 cm.<\/p>\n<p>Garantiezeit der Benutzung: <b><strong>10 Jahre!<\/strong><\/b><\/p>\n<p><b><strong>Indikationen<\/strong><\/b><\/p>\n<p>In Kombination mit traditionellen Behandlungsmethoden hilft die Elektrode &#8222;Korean&#8220; erfolgreich bei der Bek\u00e4mpfung von Schmerzen und Erkrankungen des R\u00fcckens, der Lendenwirbels\u00e4ule, des Nackens, der Gelenke, der Muskeln, der Folgen von Verletzungen:<\/p>\n<ul>\n<li>Osteochondrose;<\/li>\n<li>Skoliose;<\/li>\n<li>Schmerzen verschiedener \u00c4tiologien;<\/li>\n<li>Wirbels\u00e4ulenbr\u00fcche;<\/li>\n<li>Muskelkr\u00e4mpfe;<\/li>\n<li>Ischias;<\/li>\n<li>Erkrankungen der unteren Extremit\u00e4ten;<\/li>\n<li>Verstauchungen, Frakturen und andere Arten von Verletzungen;<\/li>\n<li>andere chronische Erkrankungen des R\u00fcckens und der unteren Extremit\u00e4ten.<\/li>\n<\/ul>\n<p><b><strong>Mit der systematischen Anwendung der Universal-Elektrode wird erreicht:<\/strong><\/b><\/p>\n<ul>\n<li>Linderung von Schmerzsyndromen und Muskelverspannungen;<\/li>\n<li>St\u00e4rkung der R\u00fcckenmuskulatur, der Gelenke und des Hauttons;<\/li>\n<li>Vergr\u00f6\u00dferung des Bewegungsumfangs und der Flexibilit\u00e4t;<\/li>\n<li>Verbesserung der Lebensqualit\u00e4t.<\/li>\n<\/ul>\n<h2>Prinzipien der therapeutischen Wirkung<\/h2>\n<p>Da die Elektrode &#8222;Korean&#8220; eine sorgf\u00e4ltig ausgearbeitete Gr\u00f6\u00dfe und Form hat (koreanische \u00c4rzte und Heiler haben an der Entwicklung mitgewirkt), sowie bequeme elastische Klemmen, kann sie bei der Behandlung aller Krankheiten, Schmerzen und Verletzungen fast am ganzen K\u00f6rper eingesetzt werden.<\/p>\n<p>Diese Elektrode kann perfekt mit bekannten Ger\u00e4ten verwendet werden:<\/p>\n<ul>\n<li><a href=\"https:\/\/iphysios.com\/de\/product\/denas-pcm-pro\/?v=928568b84963\"><b><u><strong>NeuroDENS-PKM \/ BioTENS<\/strong><\/u><\/b><\/a>, mit <b><strong>dynamischer Elektroneurostimulation (DENS-Therapie);<\/strong><\/b><\/li>\n<li><b><u><strong>SCENAR<\/strong><\/u><\/b>, das nach dem Prinzip der <b><strong>perkutanen Elektroneurostimulation (PENS)<\/strong><\/b> arbeitet;<\/li>\n<li><b><u><strong>Quecksilber<\/strong><\/u><\/b><a href=\"https:\/\/biomed24.ru\/products\/apparat-anms-merkuriy\"><b><u><strong>&#8211;<\/strong><\/u><\/b><\/a><b><u><strong>Nerven<\/strong><\/u><\/b><b><u><strong>&#8211;<\/strong><\/u><\/b><b><u><strong>Muskel<\/strong><\/u><\/b><a href=\"https:\/\/biomed24.ru\/products\/apparat-anms-merkuriy\"><b><u><strong>&#8211;<\/strong><\/u><\/b><\/a><b><u><strong>Stimulationsger\u00e4t<\/strong><\/u><\/b><b><u><strong>;<\/strong><\/u><\/b><\/li>\n<li>und die meisten der bekannten Elektro- und Myostimulatoren.<\/li>\n<\/ul>\n<p><b><strong>Zubeh\u00f6r<\/strong><\/b><\/p>\n<ul>\n<li>Elektroden-Applikator &#8222;Korets&#8220; &#8211; 1 Stk.<\/li>\n<li>Elastische B\u00e4nder Klettverschl\u00fcsse &#8211; 2 Stk.<\/li>\n<li>Anleitung &#8211; 1 St.<\/li>\n<\/ul>\n<p><b><strong>Achtung!<\/strong><\/b> F\u00fcr den Anschluss an verschiedene Ger\u00e4te gibt es Kabel mit verschiedenen Steckern, die separat bestellt werden. Bitte geben Sie in den Kommentaren zu Ihrer Bestellung den Namen des Ger\u00e4tes an, damit wir das Kabel an Ihr Modell anpassen k\u00f6nnen.<\/p>\n<ul>\n<li>Anwendungsbereiche: Ganzer K\u00f6rper, Knie, R\u00fccken, Gelenke, Nacken.<\/li>\n<li>Typ: D\u00fcse, Elektrode.<\/li>\n<li>Funktionen: DENS-Therapie, Myostimulation, SCENAR-Therapie, Physiotherapie, Elektroneurostimulation, Elektrostimulation.<\/li>\n<\/ul>\n","protected":false},"excerpt":{"rendered":"<ul>\n<li>Anwendungsbereiche: Ganzer K\u00f6rper, Knie, R\u00fccken, Gelenke, Nacken.<\/li>\n<li>Typ: D\u00fcse, Elektrode.<\/li>\n<li>Funktionen: DENS-Therapie, Myostimulation, SCENAR-Therapie, Physiotherapie, Elektroneurostimulation, Elektrostimulation.<\/li>\n<\/ul>\n","protected":false},"featured_media":24114,"comment_status":"open","ping_status":"closed","template":"","meta":{"_acf_changed":false,"om_disable_all_campaigns":false,"inline_featured_image":false,"_monsterinsights_skip_tracking":false,"_monsterinsights_sitenote_active":false,"_monsterinsights_sitenote_note":"","_monsterinsights_sitenote_category":0,"_uf_show_specific_survey":0,"_uf_disable_surveys":false},"product_brand":[],"product_cat":[395,568],"product_tag":[],"class_list":{"0":"post-24125","1":"product","2":"type-product","3":"status-publish","4":"has-post-thumbnail","6":"product_cat-aktionen","7":"product_cat-elektroden-und-zubehoer","9":"first","10":"instock","11":"taxable","12":"shipping-taxable","13":"purchasable","14":"product-type-simple"},"acf":[],"aioseo_notices":[],"yoast_head":"<!-- This site is optimized with the Yoast SEO Premium plugin v27.1 (Yoast SEO v27.1.1) - https:\/\/yoast.com\/product\/yoast-seo-premium-wordpress\/ -->\n<title>Universal-Elektroden-Applikator &quot; Koreanisch&quot; 27x10 cm - iPhysios<\/title>\n<meta name=\"description\" content=\"Kaufen Sie Universal-Elektroden-Applikator f\u00fcr NeuroDENS-P\u0421M und andere DENAS-Ger\u00e4te und Zubeh\u00f6r mit Rabatt in unserem iPhysios-Shop.\" \/>\n<meta name=\"robots\" content=\"index, follow, max-snippet:-1, max-image-preview:large, max-video-preview:-1\" \/>\n<link rel=\"canonical\" href=\"https:\/\/iphysios.com\/en\/product\/universal-electrode-applicator-korean-27x10-cm\/\" \/>\n<meta property=\"og:locale\" content=\"de_DE\" \/>\n<meta property=\"og:type\" content=\"article\" \/>\n<meta property=\"og:title\" content=\"Universal-Elektroden-Applikator &quot; Koreanisch&quot; 27x10 cm\" \/>\n<meta property=\"og:description\" content=\"Kaufen Sie Universal-Elektroden-Applikator f\u00fcr NeuroDENS-P\u0421M und andere DENAS-Ger\u00e4te und Zubeh\u00f6r mit Rabatt in unserem iPhysios-Shop.\" \/>\n<meta property=\"og:url\" content=\"https:\/\/iphysios.com\/en\/product\/universal-electrode-applicator-korean-27x10-cm\/\" \/>\n<meta property=\"og:site_name\" content=\"iPhysios\" \/>\n<meta property=\"og:image\" content=\"https:\/\/iphysios.com\/wp-content\/uploads\/2024\/04\/5502_big.jpg\" \/>\n\t<meta property=\"og:image:width\" content=\"500\" \/>\n\t<meta property=\"og:image:height\" content=\"500\" \/>\n\t<meta property=\"og:image:type\" content=\"image\/jpeg\" \/>\n<meta name=\"twitter:card\" content=\"summary_large_image\" \/>\n<meta name=\"twitter:label1\" content=\"Gesch\u00e4tzte Lesezeit\" \/>\n\t<meta name=\"twitter:data1\" content=\"2\u00a0Minuten\" \/>\n<script type=\"application\/ld+json\" class=\"yoast-schema-graph\">{\"@context\":\"https:\/\/schema.org\",\"@graph\":[{\"@type\":\"WebPage\",\"@id\":\"https:\/\/iphysios.com\/en\/product\/universal-electrode-applicator-korean-27x10-cm\/\",\"url\":\"https:\/\/iphysios.com\/en\/product\/universal-electrode-applicator-korean-27x10-cm\/\",\"name\":\"Universal-Elektroden-Applikator \\\" Koreanisch\\\" 27x10 cm - iPhysios\",\"isPartOf\":{\"@id\":\"https:\/\/iphysios.com\/en\/#website\"},\"primaryImageOfPage\":{\"@id\":\"https:\/\/iphysios.com\/en\/product\/universal-electrode-applicator-korean-27x10-cm\/#primaryimage\"},\"image\":{\"@id\":\"https:\/\/iphysios.com\/en\/product\/universal-electrode-applicator-korean-27x10-cm\/#primaryimage\"},\"thumbnailUrl\":\"https:\/\/iphysios.com\/wp-content\/uploads\/2024\/04\/5502_big.jpg\",\"datePublished\":\"2024-04-23T19:53:16+00:00\",\"description\":\"Kaufen Sie Universal-Elektroden-Applikator f\u00fcr NeuroDENS-P\u0421M und andere DENAS-Ger\u00e4te und Zubeh\u00f6r mit Rabatt in unserem iPhysios-Shop.\",\"breadcrumb\":{\"@id\":\"https:\/\/iphysios.com\/en\/product\/universal-electrode-applicator-korean-27x10-cm\/#breadcrumb\"},\"inLanguage\":\"de\",\"potentialAction\":[{\"@type\":\"ReadAction\",\"target\":[\"https:\/\/iphysios.com\/en\/product\/universal-electrode-applicator-korean-27x10-cm\/\"]}]},{\"@type\":\"ImageObject\",\"inLanguage\":\"de\",\"@id\":\"https:\/\/iphysios.com\/en\/product\/universal-electrode-applicator-korean-27x10-cm\/#primaryimage\",\"url\":\"https:\/\/iphysios.com\/wp-content\/uploads\/2024\/04\/5502_big.jpg\",\"contentUrl\":\"https:\/\/iphysios.com\/wp-content\/uploads\/2024\/04\/5502_big.jpg\",\"width\":500,\"height\":500,\"caption\":\"Universal-Elektroden-Applikator &#8220; Koreanisch&#8220; 27&#215;10 cm\"},{\"@type\":\"BreadcrumbList\",\"@id\":\"https:\/\/iphysios.com\/en\/product\/universal-electrode-applicator-korean-27x10-cm\/#breadcrumb\",\"itemListElement\":[{\"@type\":\"ListItem\",\"position\":1,\"name\":\"\u0413\u043b\u0430\u0432\u043d\u0430\u044f \u0441\u0442\u0440\u0430\u043d\u0438\u0446\u0430\",\"item\":\"https:\/\/iphysios.com\/en\/home\/\"},{\"@type\":\"ListItem\",\"position\":2,\"name\":\"Shop\",\"item\":\"https:\/\/iphysios.com\/en\/shop\/\"},{\"@type\":\"ListItem\",\"position\":3,\"name\":\"Universal-Elektroden-Applikator &#8221; Koreanisch&#8221; 27&#215;10 cm\"}]},{\"@type\":\"WebSite\",\"@id\":\"https:\/\/iphysios.com\/en\/#website\",\"url\":\"https:\/\/iphysios.com\/en\/\",\"name\":\"iPhysios\",\"description\":\"\",\"potentialAction\":[{\"@type\":\"SearchAction\",\"target\":{\"@type\":\"EntryPoint\",\"urlTemplate\":\"https:\/\/iphysios.com\/en\/?s={search_term_string}\"},\"query-input\":{\"@type\":\"PropertyValueSpecification\",\"valueRequired\":true,\"valueName\":\"search_term_string\"}}],\"inLanguage\":\"de\"}]}<\/script>\n<!-- \/ Yoast SEO Premium plugin. -->","yoast_head_json":{"title":"Universal-Elektroden-Applikator \" Koreanisch\" 27x10 cm - iPhysios","description":"Kaufen Sie Universal-Elektroden-Applikator f\u00fcr NeuroDENS-P\u0421M und andere DENAS-Ger\u00e4te und Zubeh\u00f6r mit Rabatt in unserem iPhysios-Shop.","robots":{"index":"index","follow":"follow","max-snippet":"max-snippet:-1","max-image-preview":"max-image-preview:large","max-video-preview":"max-video-preview:-1"},"canonical":"https:\/\/iphysios.com\/en\/product\/universal-electrode-applicator-korean-27x10-cm\/","og_locale":"de_DE","og_type":"article","og_title":"Universal-Elektroden-Applikator \" Koreanisch\" 27x10 cm","og_description":"Kaufen Sie Universal-Elektroden-Applikator f\u00fcr NeuroDENS-P\u0421M und andere DENAS-Ger\u00e4te und Zubeh\u00f6r mit Rabatt in unserem iPhysios-Shop.","og_url":"https:\/\/iphysios.com\/en\/product\/universal-electrode-applicator-korean-27x10-cm\/","og_site_name":"iPhysios","og_image":[{"width":500,"height":500,"url":"https:\/\/iphysios.com\/wp-content\/uploads\/2024\/04\/5502_big.jpg","type":"image\/jpeg"}],"twitter_card":"summary_large_image","twitter_misc":{"Gesch\u00e4tzte Lesezeit":"2\u00a0Minuten"},"schema":{"@context":"https:\/\/schema.org","@graph":[{"@type":"WebPage","@id":"https:\/\/iphysios.com\/en\/product\/universal-electrode-applicator-korean-27x10-cm\/","url":"https:\/\/iphysios.com\/en\/product\/universal-electrode-applicator-korean-27x10-cm\/","name":"Universal-Elektroden-Applikator \" Koreanisch\" 27x10 cm - iPhysios","isPartOf":{"@id":"https:\/\/iphysios.com\/en\/#website"},"primaryImageOfPage":{"@id":"https:\/\/iphysios.com\/en\/product\/universal-electrode-applicator-korean-27x10-cm\/#primaryimage"},"image":{"@id":"https:\/\/iphysios.com\/en\/product\/universal-electrode-applicator-korean-27x10-cm\/#primaryimage"},"thumbnailUrl":"https:\/\/iphysios.com\/wp-content\/uploads\/2024\/04\/5502_big.jpg","datePublished":"2024-04-23T19:53:16+00:00","description":"Kaufen Sie Universal-Elektroden-Applikator f\u00fcr NeuroDENS-P\u0421M und andere DENAS-Ger\u00e4te und Zubeh\u00f6r mit Rabatt in unserem iPhysios-Shop.","breadcrumb":{"@id":"https:\/\/iphysios.com\/en\/product\/universal-electrode-applicator-korean-27x10-cm\/#breadcrumb"},"inLanguage":"de","potentialAction":[{"@type":"ReadAction","target":["https:\/\/iphysios.com\/en\/product\/universal-electrode-applicator-korean-27x10-cm\/"]}]},{"@type":"ImageObject","inLanguage":"de","@id":"https:\/\/iphysios.com\/en\/product\/universal-electrode-applicator-korean-27x10-cm\/#primaryimage","url":"https:\/\/iphysios.com\/wp-content\/uploads\/2024\/04\/5502_big.jpg","contentUrl":"https:\/\/iphysios.com\/wp-content\/uploads\/2024\/04\/5502_big.jpg","width":500,"height":500,"caption":"Universal-Elektroden-Applikator &#8220; Koreanisch&#8220; 27&#215;10 cm"},{"@type":"BreadcrumbList","@id":"https:\/\/iphysios.com\/en\/product\/universal-electrode-applicator-korean-27x10-cm\/#breadcrumb","itemListElement":[{"@type":"ListItem","position":1,"name":"\u0413\u043b\u0430\u0432\u043d\u0430\u044f \u0441\u0442\u0440\u0430\u043d\u0438\u0446\u0430","item":"https:\/\/iphysios.com\/en\/home\/"},{"@type":"ListItem","position":2,"name":"Shop","item":"https:\/\/iphysios.com\/en\/shop\/"},{"@type":"ListItem","position":3,"name":"Universal-Elektroden-Applikator &#8221; Koreanisch&#8221; 27&#215;10 cm"}]},{"@type":"WebSite","@id":"https:\/\/iphysios.com\/en\/#website","url":"https:\/\/iphysios.com\/en\/","name":"iPhysios","description":"","potentialAction":[{"@type":"SearchAction","target":{"@type":"EntryPoint","urlTemplate":"https:\/\/iphysios.com\/en\/?s={search_term_string}"},"query-input":{"@type":"PropertyValueSpecification","valueRequired":true,"valueName":"search_term_string"}}],"inLanguage":"de"}]}},"jetpack_sharing_enabled":true,"_links":{"self":[{"href":"https:\/\/iphysios.com\/de\/wp-json\/wp\/v2\/product\/24125","targetHints":{"allow":["GET"]}}],"collection":[{"href":"https:\/\/iphysios.com\/de\/wp-json\/wp\/v2\/product"}],"about":[{"href":"https:\/\/iphysios.com\/de\/wp-json\/wp\/v2\/types\/product"}],"replies":[{"embeddable":true,"href":"https:\/\/iphysios.com\/de\/wp-json\/wp\/v2\/comments?post=24125"}],"wp:featuredmedia":[{"embeddable":true,"href":"https:\/\/iphysios.com\/de\/wp-json\/wp\/v2\/media\/24114"}],"wp:attachment":[{"href":"https:\/\/iphysios.com\/de\/wp-json\/wp\/v2\/media?parent=24125"}],"wp:term":[{"taxonomy":"product_brand","embeddable":true,"href":"https:\/\/iphysios.com\/de\/wp-json\/wp\/v2\/product_brand?post=24125"},{"taxonomy":"product_cat","embeddable":true,"href":"https:\/\/iphysios.com\/de\/wp-json\/wp\/v2\/product_cat?post=24125"},{"taxonomy":"product_tag","embeddable":true,"href":"https:\/\/iphysios.com\/de\/wp-json\/wp\/v2\/product_tag?post=24125"}],"curies":[{"name":"wp","href":"https:\/\/api.w.org\/{rel}","templated":true}]}}