{"id":24156,"date":"2024-05-02T09:13:05","date_gmt":"2024-05-02T07:13:05","guid":{"rendered":"https:\/\/iphysios.com\/product\/elektroden-pads-mit-magneten-2-stk\/"},"modified":"2024-05-02T09:13:05","modified_gmt":"2024-05-02T07:13:05","slug":"elektroden-pads-mit-magneten-2-stk","status":"publish","type":"product","link":"https:\/\/iphysios.com\/de\/product\/elektroden-pads-mit-magneten-2-stk\/","title":{"rendered":"Elektroden-Pads mit Magneten (2 Stk.)"},"content":{"rendered":"<h4 style=\"text-align: center;\">Fu\u00df-Elektroden mit Magneten f\u00fcr BioTENS, <a href=\"https:\/\/iphysios.com\/de\/product\/denas-pcm-pro\/?v=928568b84963\">NeuroDENS-PCM<\/a>, SCENAR, Mercury und andere Ger\u00e4te.<\/h4>\n<p>&#8211; Ferngesteuerte Elektroden aus leitf\u00e4higem Gummi zur Behandlung von Fu\u00dfkrankheiten und zur Einwirkung auf biologisch aktive Punkte und Bereiche der F\u00fc\u00dfe.<\/p>\n<p><strong><span style=\"color: #ff0000;\">Frage: Was ist der Unterschied zwischen den Elektroden &#8211; 2. Generation und den herk\u00f6mmlichen Elektroden mit Magneten?<\/span><\/strong><\/p>\n<ul>\n<li><span style=\"color: #ff0000;\">Die Elektroden-Pads der 2. Generation haben ausgepr\u00e4gtere \u201eErhebungen\u201c, insbesondere an der Stelle des inneren Fu\u00dfgew\u00f6lbes, was bei der Arbeit mit Plattf\u00fc\u00dfen sehr wichtig ist;<\/span><\/li>\n<li><span style=\"color: #ff0000;\">Der leitf\u00e4hige Gummi ist matt, von h\u00f6herer Qualit\u00e4t und klebt nicht;<\/span><\/li>\n<li><span style=\"color: #ff0000;\">Die Elektroden sind praktisch geruchlos, was bei der ersten Stelka sehr auff\u00e4llig war.<\/span><\/li>\n<\/ul>\n<h5>Indikationen<\/h5>\n<p>In Kombination mit traditionellen Behandlungsmethoden helfen Elektroden-Elektroden erfolgreich bei der Bek\u00e4mpfung von Erkrankungen des Fu\u00dfes, Sprunggelenks:<\/p>\n<ul>\n<li>Arthritis und Arthrose der Zehengelenke;<\/li>\n<li>Gicht und Psoriasis-Arthritis, rheumatoide Arthritis;<\/li>\n<li>Taubheit der Zehen bei Coxarthrose, Einklemmung des Ischiasnervs und neurologische Komplikationen;<\/li>\n<li>Folgen eines Schlaganfalls (L\u00e4hmung der unteren Gliedma\u00dfen);<\/li>\n<li>im Anfangsstadium der chronischen Arterieninsuffizienz bei Endarteritis und Atherosklerose;<\/li>\n<li>Schwere-Beine-Syndrome bei ven\u00f6ser Insuffizienz;<\/li>\n<li>Plattf\u00fc\u00dfe, Fersensporn, H\u00fchneraugen und andere Fu\u00dfdeformit\u00e4ten;<\/li>\n<li>Schmerzen in den unteren Extremit\u00e4ten bei Diabetes mellitus und Gef\u00e4\u00dferkrankungen;<\/li>\n<li>Verstauchungen oder B\u00e4nderrisse, Frakturen und andere Arten von mechanischen Verletzungen;<\/li>\n<li>andere chronische Erkrankungen der unteren Extremit\u00e4ten.<\/li>\n<\/ul>\n<h5>Mit der systematischen Anwendung der Stelek-Elektroden wird erreicht:<\/h5>\n<ul>\n<li>Linderung von schmerzhaften Muskelverspannungen;<\/li>\n<li>Verbesserung der Koordination der Fingerbewegungen;<\/li>\n<li>Verringerung von Verkrampfungen der Fu\u00df- und Unterschenkelmuskulatur.<\/li>\n<\/ul>\n<h5>Zur Vorbeugung der Entwicklung von chronischen Krankheiten wird die Verwendung von Einlegesohlen-Elektroden empfohlen:<\/h5>\n<ul>\n<li>Frauen mit vegetativem Insuffizienzsyndrom &#8211; \u201ekalter Fu\u00df\u201c;<\/li>\n<li>Personen, deren Beruf mit l\u00e4ngerem Stehen auf den F\u00fc\u00dfen verbunden ist: Zahn\u00e4rzte, Masseure, Verk\u00e4ufer, Friseure, Kellner, Stewardessen, usw;<\/li>\n<li>Sportler.<\/li>\n<\/ul>\n","protected":false},"excerpt":{"rendered":"<p>Die Elektroden lassen sich perfekt mit den bekannten Ger\u00e4ten verwenden:<\/p>\n<p>NeuroDEN-PCM \/ BioTENS, mit dynamischer Elektroneurostimulation (DENS-Therapie);<br \/>\nSCENAR, das nach dem Prinzip der perkutanen Elektroneurostimulation arbeitet;<br \/>\nGer\u00e4t zur neuromuskul\u00e4ren Stimulation mit Quecksilber.<\/p>\n","protected":false},"featured_media":24151,"comment_status":"open","ping_status":"closed","template":"","meta":{"_acf_changed":false,"om_disable_all_campaigns":false,"inline_featured_image":false,"_monsterinsights_skip_tracking":false,"_monsterinsights_sitenote_active":false,"_monsterinsights_sitenote_note":"","_monsterinsights_sitenote_category":0,"_uf_show_specific_survey":0,"_uf_disable_surveys":false},"product_brand":[],"product_cat":[395,568],"product_tag":[],"class_list":{"0":"post-24156","1":"product","2":"type-product","3":"status-publish","4":"has-post-thumbnail","6":"product_cat-aktionen","7":"product_cat-elektroden-und-zubehoer","9":"first","10":"instock","11":"taxable","12":"shipping-taxable","13":"purchasable","14":"product-type-simple"},"acf":[],"aioseo_notices":[],"yoast_head":"<!-- This site is optimized with the Yoast SEO Premium plugin v27.1 (Yoast SEO v27.1.1) - https:\/\/yoast.com\/product\/yoast-seo-premium-wordpress\/ -->\n<title>Fusselektroden NeuroDENS-PCM - iPhysios%<\/title>\n<meta name=\"description\" content=\"Kaufen Sie Fu\u00df-Elektroden NeuroDENS-PCM und anderes DENAS-Zubeh\u00f6r mit Rabatt in unserem iPhysios-Shop.\" \/>\n<meta name=\"robots\" content=\"index, follow, max-snippet:-1, max-image-preview:large, max-video-preview:-1\" \/>\n<link rel=\"canonical\" href=\"https:\/\/iphysios.com\/en\/product\/foot-electrodes-neurodens-pcm\/\" \/>\n<meta property=\"og:locale\" content=\"de_DE\" \/>\n<meta property=\"og:type\" content=\"article\" \/>\n<meta property=\"og:title\" content=\"Elektroden-Pads mit Magneten (2 Stk.)\" \/>\n<meta property=\"og:description\" content=\"Kaufen Sie Fu\u00df-Elektroden NeuroDENS-PCM und anderes DENAS-Zubeh\u00f6r mit Rabatt in unserem iPhysios-Shop.\" \/>\n<meta property=\"og:url\" content=\"https:\/\/iphysios.com\/en\/product\/foot-electrodes-neurodens-pcm\/\" \/>\n<meta property=\"og:site_name\" content=\"iPhysios\" \/>\n<meta property=\"og:image\" content=\"https:\/\/iphysios.com\/wp-content\/uploads\/2024\/05\/5491_big.jpg\" \/>\n\t<meta property=\"og:image:width\" content=\"600\" \/>\n\t<meta property=\"og:image:height\" content=\"600\" \/>\n\t<meta property=\"og:image:type\" content=\"image\/jpeg\" \/>\n<meta name=\"twitter:card\" content=\"summary_large_image\" \/>\n<meta name=\"twitter:label1\" content=\"Gesch\u00e4tzte Lesezeit\" \/>\n\t<meta name=\"twitter:data1\" content=\"1\u00a0Minute\" \/>\n<script type=\"application\/ld+json\" class=\"yoast-schema-graph\">{\"@context\":\"https:\/\/schema.org\",\"@graph\":[{\"@type\":\"WebPage\",\"@id\":\"https:\/\/iphysios.com\/en\/product\/foot-electrodes-neurodens-pcm\/\",\"url\":\"https:\/\/iphysios.com\/en\/product\/foot-electrodes-neurodens-pcm\/\",\"name\":\"Fusselektroden NeuroDENS-PCM - iPhysios%\",\"isPartOf\":{\"@id\":\"https:\/\/iphysios.com\/en\/#website\"},\"primaryImageOfPage\":{\"@id\":\"https:\/\/iphysios.com\/en\/product\/foot-electrodes-neurodens-pcm\/#primaryimage\"},\"image\":{\"@id\":\"https:\/\/iphysios.com\/en\/product\/foot-electrodes-neurodens-pcm\/#primaryimage\"},\"thumbnailUrl\":\"https:\/\/iphysios.com\/wp-content\/uploads\/2024\/05\/5491_big.jpg\",\"datePublished\":\"2024-05-02T07:13:05+00:00\",\"description\":\"Kaufen Sie Fu\u00df-Elektroden NeuroDENS-PCM und anderes DENAS-Zubeh\u00f6r mit Rabatt in unserem iPhysios-Shop.\",\"breadcrumb\":{\"@id\":\"https:\/\/iphysios.com\/en\/product\/foot-electrodes-neurodens-pcm\/#breadcrumb\"},\"inLanguage\":\"de\",\"potentialAction\":[{\"@type\":\"ReadAction\",\"target\":[\"https:\/\/iphysios.com\/en\/product\/foot-electrodes-neurodens-pcm\/\"]}]},{\"@type\":\"ImageObject\",\"inLanguage\":\"de\",\"@id\":\"https:\/\/iphysios.com\/en\/product\/foot-electrodes-neurodens-pcm\/#primaryimage\",\"url\":\"https:\/\/iphysios.com\/wp-content\/uploads\/2024\/05\/5491_big.jpg\",\"contentUrl\":\"https:\/\/iphysios.com\/wp-content\/uploads\/2024\/05\/5491_big.jpg\",\"width\":600,\"height\":600,\"caption\":\"Elektroden-Pads mit Magneten (2 Stk.)\"},{\"@type\":\"BreadcrumbList\",\"@id\":\"https:\/\/iphysios.com\/en\/product\/foot-electrodes-neurodens-pcm\/#breadcrumb\",\"itemListElement\":[{\"@type\":\"ListItem\",\"position\":1,\"name\":\"\u0413\u043b\u0430\u0432\u043d\u0430\u044f \u0441\u0442\u0440\u0430\u043d\u0438\u0446\u0430\",\"item\":\"https:\/\/iphysios.com\/en\/home\/\"},{\"@type\":\"ListItem\",\"position\":2,\"name\":\"Shop\",\"item\":\"https:\/\/iphysios.com\/en\/shop\/\"},{\"@type\":\"ListItem\",\"position\":3,\"name\":\"Elektroden-Pads mit Magneten (2 Stk.)\"}]},{\"@type\":\"WebSite\",\"@id\":\"https:\/\/iphysios.com\/en\/#website\",\"url\":\"https:\/\/iphysios.com\/en\/\",\"name\":\"iPhysios\",\"description\":\"\",\"potentialAction\":[{\"@type\":\"SearchAction\",\"target\":{\"@type\":\"EntryPoint\",\"urlTemplate\":\"https:\/\/iphysios.com\/en\/?s={search_term_string}\"},\"query-input\":{\"@type\":\"PropertyValueSpecification\",\"valueRequired\":true,\"valueName\":\"search_term_string\"}}],\"inLanguage\":\"de\"}]}<\/script>\n<!-- \/ Yoast SEO Premium plugin. -->","yoast_head_json":{"title":"Fusselektroden NeuroDENS-PCM - iPhysios%","description":"Kaufen Sie Fu\u00df-Elektroden NeuroDENS-PCM und anderes DENAS-Zubeh\u00f6r mit Rabatt in unserem iPhysios-Shop.","robots":{"index":"index","follow":"follow","max-snippet":"max-snippet:-1","max-image-preview":"max-image-preview:large","max-video-preview":"max-video-preview:-1"},"canonical":"https:\/\/iphysios.com\/en\/product\/foot-electrodes-neurodens-pcm\/","og_locale":"de_DE","og_type":"article","og_title":"Elektroden-Pads mit Magneten (2 Stk.)","og_description":"Kaufen Sie Fu\u00df-Elektroden NeuroDENS-PCM und anderes DENAS-Zubeh\u00f6r mit Rabatt in unserem iPhysios-Shop.","og_url":"https:\/\/iphysios.com\/en\/product\/foot-electrodes-neurodens-pcm\/","og_site_name":"iPhysios","og_image":[{"width":600,"height":600,"url":"https:\/\/iphysios.com\/wp-content\/uploads\/2024\/05\/5491_big.jpg","type":"image\/jpeg"}],"twitter_card":"summary_large_image","twitter_misc":{"Gesch\u00e4tzte Lesezeit":"1\u00a0Minute"},"schema":{"@context":"https:\/\/schema.org","@graph":[{"@type":"WebPage","@id":"https:\/\/iphysios.com\/en\/product\/foot-electrodes-neurodens-pcm\/","url":"https:\/\/iphysios.com\/en\/product\/foot-electrodes-neurodens-pcm\/","name":"Fusselektroden NeuroDENS-PCM - iPhysios%","isPartOf":{"@id":"https:\/\/iphysios.com\/en\/#website"},"primaryImageOfPage":{"@id":"https:\/\/iphysios.com\/en\/product\/foot-electrodes-neurodens-pcm\/#primaryimage"},"image":{"@id":"https:\/\/iphysios.com\/en\/product\/foot-electrodes-neurodens-pcm\/#primaryimage"},"thumbnailUrl":"https:\/\/iphysios.com\/wp-content\/uploads\/2024\/05\/5491_big.jpg","datePublished":"2024-05-02T07:13:05+00:00","description":"Kaufen Sie Fu\u00df-Elektroden NeuroDENS-PCM und anderes DENAS-Zubeh\u00f6r mit Rabatt in unserem iPhysios-Shop.","breadcrumb":{"@id":"https:\/\/iphysios.com\/en\/product\/foot-electrodes-neurodens-pcm\/#breadcrumb"},"inLanguage":"de","potentialAction":[{"@type":"ReadAction","target":["https:\/\/iphysios.com\/en\/product\/foot-electrodes-neurodens-pcm\/"]}]},{"@type":"ImageObject","inLanguage":"de","@id":"https:\/\/iphysios.com\/en\/product\/foot-electrodes-neurodens-pcm\/#primaryimage","url":"https:\/\/iphysios.com\/wp-content\/uploads\/2024\/05\/5491_big.jpg","contentUrl":"https:\/\/iphysios.com\/wp-content\/uploads\/2024\/05\/5491_big.jpg","width":600,"height":600,"caption":"Elektroden-Pads mit Magneten (2 Stk.)"},{"@type":"BreadcrumbList","@id":"https:\/\/iphysios.com\/en\/product\/foot-electrodes-neurodens-pcm\/#breadcrumb","itemListElement":[{"@type":"ListItem","position":1,"name":"\u0413\u043b\u0430\u0432\u043d\u0430\u044f \u0441\u0442\u0440\u0430\u043d\u0438\u0446\u0430","item":"https:\/\/iphysios.com\/en\/home\/"},{"@type":"ListItem","position":2,"name":"Shop","item":"https:\/\/iphysios.com\/en\/shop\/"},{"@type":"ListItem","position":3,"name":"Elektroden-Pads mit Magneten (2 Stk.)"}]},{"@type":"WebSite","@id":"https:\/\/iphysios.com\/en\/#website","url":"https:\/\/iphysios.com\/en\/","name":"iPhysios","description":"","potentialAction":[{"@type":"SearchAction","target":{"@type":"EntryPoint","urlTemplate":"https:\/\/iphysios.com\/en\/?s={search_term_string}"},"query-input":{"@type":"PropertyValueSpecification","valueRequired":true,"valueName":"search_term_string"}}],"inLanguage":"de"}]}},"jetpack_sharing_enabled":true,"_links":{"self":[{"href":"https:\/\/iphysios.com\/de\/wp-json\/wp\/v2\/product\/24156","targetHints":{"allow":["GET"]}}],"collection":[{"href":"https:\/\/iphysios.com\/de\/wp-json\/wp\/v2\/product"}],"about":[{"href":"https:\/\/iphysios.com\/de\/wp-json\/wp\/v2\/types\/product"}],"replies":[{"embeddable":true,"href":"https:\/\/iphysios.com\/de\/wp-json\/wp\/v2\/comments?post=24156"}],"wp:featuredmedia":[{"embeddable":true,"href":"https:\/\/iphysios.com\/de\/wp-json\/wp\/v2\/media\/24151"}],"wp:attachment":[{"href":"https:\/\/iphysios.com\/de\/wp-json\/wp\/v2\/media?parent=24156"}],"wp:term":[{"taxonomy":"product_brand","embeddable":true,"href":"https:\/\/iphysios.com\/de\/wp-json\/wp\/v2\/product_brand?post=24156"},{"taxonomy":"product_cat","embeddable":true,"href":"https:\/\/iphysios.com\/de\/wp-json\/wp\/v2\/product_cat?post=24156"},{"taxonomy":"product_tag","embeddable":true,"href":"https:\/\/iphysios.com\/de\/wp-json\/wp\/v2\/product_tag?post=24156"}],"curies":[{"name":"wp","href":"https:\/\/api.w.org\/{rel}","templated":true}]}}