{"id":24180,"date":"2024-05-22T23:31:45","date_gmt":"2024-05-22T21:31:45","guid":{"rendered":"https:\/\/iphysios.com\/product\/knieelektroden-fuer-denas-pcm\/"},"modified":"2024-05-22T23:31:45","modified_gmt":"2024-05-22T21:31:45","slug":"knieelektroden-fuer-denas-pcm","status":"publish","type":"product","link":"https:\/\/iphysios.com\/de\/product\/knieelektroden-fuer-denas-pcm\/","title":{"rendered":"Knieelektroden f\u00fcr DENAS-PCM"},"content":{"rendered":"<h4 style=\"text-align: center;\">Knieelektroden (2 Stk.) f\u00fcr DENAS-PCM \/ BioTENS, SCENAR, Mercury und andere.<\/h4>\n<h5>Indikationen<\/h5>\n<p>In Kombination mit traditionellen Behandlungsmethoden helfen iHelp-Elektroden erfolgreich bei der Bek\u00e4mpfung von Verletzungen und Erkrankungen des Kniegelenks:<\/p>\n<ul>\n<li>Arthritis und Arthrose des Kniegelenks;<\/li>\n<li>deformierende Osteoarthritis (Gonarthrose);<\/li>\n<li>Zust\u00e4nde nach Knieoperationen und l\u00e4ngerer Ruhigstellung;<\/li>\n<li>Arthropathien nach einem Schlaganfall;<\/li>\n<li>Schmerzen, Bewegungssteifigkeit, Schwellungen des Knies, die Gicht und Psoriasis-Arthritis, rheumatoide Arthritis hervorrufen;<\/li>\n<li>Verstauchungen oder Risse der B\u00e4nder, Menisken des Gelenks, Knochenbr\u00fcche und andere Arten von mechanischen Verletzungen;<\/li>\n<li>andere chronische Erkrankungen der unteren Extremit\u00e4ten.<\/li>\n<\/ul>\n<h5>Mit der systematischen Verwendung von Elektroden Knieschoner erreicht:<\/h5>\n<ul>\n<li>Linderung des Schmerzsyndroms;<\/li>\n<li>Verbesserung der Koordination der Beinbewegung;<\/li>\n<li>Steigerung der Blutzirkulation im Kniegelenk;<\/li>\n<li>Verringerung des &#8222;Knirschens&#8220; und &#8222;Knackens&#8220; bei der Bewegung.<\/li>\n<\/ul>\n<h5>\nZur Vorbeugung der Entwicklung chronischer Krankheiten wird die Verwendung von Knieschonern empfohlen:<\/h5>\n<ul>\n<li>Personen, deren Beruf mit einem langen Aufenthalt auf den F\u00fc\u00dfen verbunden ist;<\/li>\n<li>Sportler.<\/li>\n<\/ul>\n<h5>Prinzipien der therapeutischen Wirkung<\/h5>\n<p>Die Knieelektroden lassen sich hervorragend mit den bekannten Ger\u00e4ten verwenden:<\/p>\n<p><a href=\"https:\/\/iphysios.com\/de\/product\/denas-pcm-pro\/?v=928568b84963\">DENAS-PCM<\/a> \/ BioTENS, mit dynamischer Elektroneurostimulation (DENS-Therapie);<br \/>\nSCENAR, das nach dem Prinzip der perkutanen Elektroneurostimulation (PENS) arbeitet;<br \/>\nQuecksilber-Ger\u00e4t zur neuromuskul\u00e4ren Stimulation;<br \/>\nund viele andere Ger\u00e4te.<\/p>\n","protected":false},"excerpt":{"rendered":"<p>Um die Elektrodenpads an diese Ger\u00e4te anzuschlie\u00dfen, m\u00fcssen Sie <a href=\"https:\/\/iphysios.com\/de\/product\/anschlusskabel-fur-denas-applikator\/?v=928568b84963\">Adapterkabel<\/a> bei uns kaufen, da diese nicht im Lieferumfang enthalten sind.<\/p>\n","protected":false},"featured_media":24172,"comment_status":"open","ping_status":"closed","template":"","meta":{"_acf_changed":false,"om_disable_all_campaigns":false,"inline_featured_image":false,"_monsterinsights_skip_tracking":false,"_monsterinsights_sitenote_active":false,"_monsterinsights_sitenote_note":"","_monsterinsights_sitenote_category":0,"_uf_show_specific_survey":0,"_uf_disable_surveys":false},"product_brand":[],"product_cat":[395,568],"product_tag":[],"class_list":{"0":"post-24180","1":"product","2":"type-product","3":"status-publish","4":"has-post-thumbnail","6":"product_cat-aktionen","7":"product_cat-elektroden-und-zubehoer","9":"first","10":"instock","11":"taxable","12":"shipping-taxable","13":"purchasable","14":"product-type-simple"},"acf":[],"aioseo_notices":[],"yoast_head":"<!-- This site is optimized with the Yoast SEO Premium plugin v27.1 (Yoast SEO v27.1.1) - https:\/\/yoast.com\/product\/yoast-seo-premium-wordpress\/ -->\n<title>Knieelektroden f\u00fcr DENAS-PCM - iPhysios<\/title>\n<meta name=\"description\" content=\"Kaufen Sie Knieelektroden f\u00fcr Denas PCM\/ NeuroDENS-P\u0421M und andere DENAS Ger\u00e4te und Zubeh\u00f6r mit Rabatt in unserem iPhysios Shop.\" \/>\n<meta name=\"robots\" content=\"index, follow, max-snippet:-1, max-image-preview:large, max-video-preview:-1\" \/>\n<link rel=\"canonical\" href=\"https:\/\/iphysios.com\/en\/product\/knee-electrodes-for-denas-pcm\/\" \/>\n<meta property=\"og:locale\" content=\"de_DE\" \/>\n<meta property=\"og:type\" content=\"article\" \/>\n<meta property=\"og:title\" content=\"Knieelektroden f\u00fcr DENAS-PCM\" \/>\n<meta property=\"og:description\" content=\"Kaufen Sie Knieelektroden f\u00fcr Denas PCM\/ NeuroDENS-P\u0421M und andere DENAS Ger\u00e4te und Zubeh\u00f6r mit Rabatt in unserem iPhysios Shop.\" \/>\n<meta property=\"og:url\" content=\"https:\/\/iphysios.com\/en\/product\/knee-electrodes-for-denas-pcm\/\" \/>\n<meta property=\"og:site_name\" content=\"iPhysios\" \/>\n<meta property=\"og:image\" content=\"https:\/\/iphysios.com\/wp-content\/uploads\/2024\/05\/5495_big.jpg\" \/>\n\t<meta property=\"og:image:width\" content=\"500\" \/>\n\t<meta property=\"og:image:height\" content=\"500\" \/>\n\t<meta property=\"og:image:type\" content=\"image\/jpeg\" \/>\n<meta name=\"twitter:card\" content=\"summary_large_image\" \/>\n<meta name=\"twitter:label1\" content=\"Gesch\u00e4tzte Lesezeit\" \/>\n\t<meta name=\"twitter:data1\" content=\"1\u00a0Minute\" \/>\n<script type=\"application\/ld+json\" class=\"yoast-schema-graph\">{\"@context\":\"https:\/\/schema.org\",\"@graph\":[{\"@type\":\"WebPage\",\"@id\":\"https:\/\/iphysios.com\/en\/product\/knee-electrodes-for-denas-pcm\/\",\"url\":\"https:\/\/iphysios.com\/en\/product\/knee-electrodes-for-denas-pcm\/\",\"name\":\"Knieelektroden f\u00fcr DENAS-PCM - iPhysios\",\"isPartOf\":{\"@id\":\"https:\/\/iphysios.com\/en\/#website\"},\"primaryImageOfPage\":{\"@id\":\"https:\/\/iphysios.com\/en\/product\/knee-electrodes-for-denas-pcm\/#primaryimage\"},\"image\":{\"@id\":\"https:\/\/iphysios.com\/en\/product\/knee-electrodes-for-denas-pcm\/#primaryimage\"},\"thumbnailUrl\":\"https:\/\/iphysios.com\/wp-content\/uploads\/2024\/05\/5495_big.jpg\",\"datePublished\":\"2024-05-22T21:31:45+00:00\",\"description\":\"Kaufen Sie Knieelektroden f\u00fcr Denas PCM\/ NeuroDENS-P\u0421M und andere DENAS Ger\u00e4te und Zubeh\u00f6r mit Rabatt in unserem iPhysios Shop.\",\"breadcrumb\":{\"@id\":\"https:\/\/iphysios.com\/en\/product\/knee-electrodes-for-denas-pcm\/#breadcrumb\"},\"inLanguage\":\"de\",\"potentialAction\":[{\"@type\":\"ReadAction\",\"target\":[\"https:\/\/iphysios.com\/en\/product\/knee-electrodes-for-denas-pcm\/\"]}]},{\"@type\":\"ImageObject\",\"inLanguage\":\"de\",\"@id\":\"https:\/\/iphysios.com\/en\/product\/knee-electrodes-for-denas-pcm\/#primaryimage\",\"url\":\"https:\/\/iphysios.com\/wp-content\/uploads\/2024\/05\/5495_big.jpg\",\"contentUrl\":\"https:\/\/iphysios.com\/wp-content\/uploads\/2024\/05\/5495_big.jpg\",\"width\":500,\"height\":500,\"caption\":\"Knieelektroden f\u00fcr DENAS-PCM\"},{\"@type\":\"BreadcrumbList\",\"@id\":\"https:\/\/iphysios.com\/en\/product\/knee-electrodes-for-denas-pcm\/#breadcrumb\",\"itemListElement\":[{\"@type\":\"ListItem\",\"position\":1,\"name\":\"\u0413\u043b\u0430\u0432\u043d\u0430\u044f \u0441\u0442\u0440\u0430\u043d\u0438\u0446\u0430\",\"item\":\"https:\/\/iphysios.com\/en\/home\/\"},{\"@type\":\"ListItem\",\"position\":2,\"name\":\"Shop\",\"item\":\"https:\/\/iphysios.com\/en\/shop\/\"},{\"@type\":\"ListItem\",\"position\":3,\"name\":\"Knieelektroden f\u00fcr DENAS-PCM\"}]},{\"@type\":\"WebSite\",\"@id\":\"https:\/\/iphysios.com\/en\/#website\",\"url\":\"https:\/\/iphysios.com\/en\/\",\"name\":\"iPhysios\",\"description\":\"\",\"potentialAction\":[{\"@type\":\"SearchAction\",\"target\":{\"@type\":\"EntryPoint\",\"urlTemplate\":\"https:\/\/iphysios.com\/en\/?s={search_term_string}\"},\"query-input\":{\"@type\":\"PropertyValueSpecification\",\"valueRequired\":true,\"valueName\":\"search_term_string\"}}],\"inLanguage\":\"de\"}]}<\/script>\n<!-- \/ Yoast SEO Premium plugin. -->","yoast_head_json":{"title":"Knieelektroden f\u00fcr DENAS-PCM - iPhysios","description":"Kaufen Sie Knieelektroden f\u00fcr Denas PCM\/ NeuroDENS-P\u0421M und andere DENAS Ger\u00e4te und Zubeh\u00f6r mit Rabatt in unserem iPhysios Shop.","robots":{"index":"index","follow":"follow","max-snippet":"max-snippet:-1","max-image-preview":"max-image-preview:large","max-video-preview":"max-video-preview:-1"},"canonical":"https:\/\/iphysios.com\/en\/product\/knee-electrodes-for-denas-pcm\/","og_locale":"de_DE","og_type":"article","og_title":"Knieelektroden f\u00fcr DENAS-PCM","og_description":"Kaufen Sie Knieelektroden f\u00fcr Denas PCM\/ NeuroDENS-P\u0421M und andere DENAS Ger\u00e4te und Zubeh\u00f6r mit Rabatt in unserem iPhysios Shop.","og_url":"https:\/\/iphysios.com\/en\/product\/knee-electrodes-for-denas-pcm\/","og_site_name":"iPhysios","og_image":[{"width":500,"height":500,"url":"https:\/\/iphysios.com\/wp-content\/uploads\/2024\/05\/5495_big.jpg","type":"image\/jpeg"}],"twitter_card":"summary_large_image","twitter_misc":{"Gesch\u00e4tzte Lesezeit":"1\u00a0Minute"},"schema":{"@context":"https:\/\/schema.org","@graph":[{"@type":"WebPage","@id":"https:\/\/iphysios.com\/en\/product\/knee-electrodes-for-denas-pcm\/","url":"https:\/\/iphysios.com\/en\/product\/knee-electrodes-for-denas-pcm\/","name":"Knieelektroden f\u00fcr DENAS-PCM - iPhysios","isPartOf":{"@id":"https:\/\/iphysios.com\/en\/#website"},"primaryImageOfPage":{"@id":"https:\/\/iphysios.com\/en\/product\/knee-electrodes-for-denas-pcm\/#primaryimage"},"image":{"@id":"https:\/\/iphysios.com\/en\/product\/knee-electrodes-for-denas-pcm\/#primaryimage"},"thumbnailUrl":"https:\/\/iphysios.com\/wp-content\/uploads\/2024\/05\/5495_big.jpg","datePublished":"2024-05-22T21:31:45+00:00","description":"Kaufen Sie Knieelektroden f\u00fcr Denas PCM\/ NeuroDENS-P\u0421M und andere DENAS Ger\u00e4te und Zubeh\u00f6r mit Rabatt in unserem iPhysios Shop.","breadcrumb":{"@id":"https:\/\/iphysios.com\/en\/product\/knee-electrodes-for-denas-pcm\/#breadcrumb"},"inLanguage":"de","potentialAction":[{"@type":"ReadAction","target":["https:\/\/iphysios.com\/en\/product\/knee-electrodes-for-denas-pcm\/"]}]},{"@type":"ImageObject","inLanguage":"de","@id":"https:\/\/iphysios.com\/en\/product\/knee-electrodes-for-denas-pcm\/#primaryimage","url":"https:\/\/iphysios.com\/wp-content\/uploads\/2024\/05\/5495_big.jpg","contentUrl":"https:\/\/iphysios.com\/wp-content\/uploads\/2024\/05\/5495_big.jpg","width":500,"height":500,"caption":"Knieelektroden f\u00fcr DENAS-PCM"},{"@type":"BreadcrumbList","@id":"https:\/\/iphysios.com\/en\/product\/knee-electrodes-for-denas-pcm\/#breadcrumb","itemListElement":[{"@type":"ListItem","position":1,"name":"\u0413\u043b\u0430\u0432\u043d\u0430\u044f \u0441\u0442\u0440\u0430\u043d\u0438\u0446\u0430","item":"https:\/\/iphysios.com\/en\/home\/"},{"@type":"ListItem","position":2,"name":"Shop","item":"https:\/\/iphysios.com\/en\/shop\/"},{"@type":"ListItem","position":3,"name":"Knieelektroden f\u00fcr DENAS-PCM"}]},{"@type":"WebSite","@id":"https:\/\/iphysios.com\/en\/#website","url":"https:\/\/iphysios.com\/en\/","name":"iPhysios","description":"","potentialAction":[{"@type":"SearchAction","target":{"@type":"EntryPoint","urlTemplate":"https:\/\/iphysios.com\/en\/?s={search_term_string}"},"query-input":{"@type":"PropertyValueSpecification","valueRequired":true,"valueName":"search_term_string"}}],"inLanguage":"de"}]}},"jetpack_sharing_enabled":true,"_links":{"self":[{"href":"https:\/\/iphysios.com\/de\/wp-json\/wp\/v2\/product\/24180","targetHints":{"allow":["GET"]}}],"collection":[{"href":"https:\/\/iphysios.com\/de\/wp-json\/wp\/v2\/product"}],"about":[{"href":"https:\/\/iphysios.com\/de\/wp-json\/wp\/v2\/types\/product"}],"replies":[{"embeddable":true,"href":"https:\/\/iphysios.com\/de\/wp-json\/wp\/v2\/comments?post=24180"}],"wp:featuredmedia":[{"embeddable":true,"href":"https:\/\/iphysios.com\/de\/wp-json\/wp\/v2\/media\/24172"}],"wp:attachment":[{"href":"https:\/\/iphysios.com\/de\/wp-json\/wp\/v2\/media?parent=24180"}],"wp:term":[{"taxonomy":"product_brand","embeddable":true,"href":"https:\/\/iphysios.com\/de\/wp-json\/wp\/v2\/product_brand?post=24180"},{"taxonomy":"product_cat","embeddable":true,"href":"https:\/\/iphysios.com\/de\/wp-json\/wp\/v2\/product_cat?post=24180"},{"taxonomy":"product_tag","embeddable":true,"href":"https:\/\/iphysios.com\/de\/wp-json\/wp\/v2\/product_tag?post=24180"}],"curies":[{"name":"wp","href":"https:\/\/api.w.org\/{rel}","templated":true}]}}